{"id":10321,"date":"2025-12-19T16:24:12","date_gmt":"2025-12-19T15:24:12","guid":{"rendered":"https:\/\/normandymilitaryantiques.fr\/?post_type=product&#038;p=10321"},"modified":"2025-12-19T16:24:08","modified_gmt":"2025-12-19T15:24:08","slug":"english-rare-livre-tintin-mon-copain-de-leon-degrelle-150-exemplaires","status":"publish","type":"product","link":"https:\/\/normandymilitaryantiques.fr\/en\/produit\/english-rare-livre-tintin-mon-copain-de-leon-degrelle-150-exemplaires\/","title":{"rendered":"Rare livre &#8220;Tintin mon copain&#8221; de L\u00e9on Degrelle  150 exemplaires"},"content":{"rendered":"","protected":false},"excerpt":{"rendered":"<p>Voici un livre exceptionnellement rare et intriguant, &#8220;Tintin mon copain&#8221; \u00e9crit par L\u00e9on Degrelle aux \u00e9ditions &#8221; P\u00e9lican d&#8217;or &#8220;. <i><b>Tintin mon copain<\/b><\/i>\u00a0(Editions du P\u00e9lican d&#8217;or, 2000) est un ouvrage de\u00a0<a title=\"L\u00e9on Degrelle\" href=\"https:\/\/fr.metapedia.org\/wiki\/L%C3%A9on_Degrelle\">L\u00e9on Degrelle<\/a>, paru apr\u00e8s son d\u00e9c\u00e8s, qui \u00e9voque de mani\u00e8re d\u00e9taill\u00e9e la vie et les influences d&#8217;Herg\u00e9. Il ne s&#8217;agit pas d&#8217;une BD mais d&#8217;une v\u00e9ritable encyclop\u00e9die de 231 pages avec des photos, de nombreuses reproductions de planches et \u00e9crits d&#8217;Herg\u00e9. L\u00e9on Degrelle y affirme, avoir inspir\u00e9 le personnage de Tintin \u00e0\u00a0<a title=\"Herg\u00e9\" href=\"https:\/\/fr.metapedia.org\/wiki\/Herg%C3%A9\">Herg\u00e9<\/a>. En fait, cet ouvrage est surtout une auto-biographie apocryphe de L\u00e9on Degrelle.<\/p>\n<p>Dans la notice du livre on peut lire le texte suivant\u00a0:<\/p>\n<p>\u00ab\u00a0<i>Degrelle entreprend ici de d\u00e9montrer que Tintin c&#8217;est lui\u00a0! Preuves \u00e0 l&#8217;appui, il nous raconte quand et comment est n\u00e9 le jeune reporter intr\u00e9pide, mais aussi le contexte culturel, social et politique de l&#8217;\u00e9poque: la mont\u00e9e de Rex, la guerre, l&#8217;\u00e9puration (qui a touch\u00e9 \u00e9galement Herg\u00e9). Les versions censur\u00e9es de Tintin (apr\u00e8s la guerre) sont ici reproduites, ainsi que les nombreux clins d&#8217;oeil de Herg\u00e9 \u00e0 L\u00e9on Degrelle, plus de 400 illustrations et de nombreuses r\u00e9v\u00e9lations<\/i>\u00a0\u00bb.<\/p>\n<p>Il y a aussi de nombreuses reproductions des dessinateurs amis d&#8217;Herg\u00e9 comme Jam (<a title=\"Paul Jamin\" href=\"https:\/\/fr.metapedia.org\/wiki\/Paul_Jamin\">Paul Jamin<\/a>) qui sera s\u00e9rieusement condamn\u00e9 \u00e0 la lib\u00e9ration.<\/p>\n<p>Interdit de vente en Belgique et en France pour contrefa\u00e7on aux droits d&#8217;auteur (apr\u00e8s une plainte des ayant-droits, la Fondation Herg\u00e9), le livre a \u00e9t\u00e9 imprim\u00e9 \u00e0 1000 exemplaires dont 850 ont \u00e9t\u00e9 saisis et br\u00fbl\u00e9s. Il reste 150 exemplaires en circulation. Une grande partie se trouve chez des collectionneurs. De ce fait, l&#8217;ouvrage est devenu un objet de sp\u00e9culation.<\/p>\n<p><a href=\"https:\/\/fr.metapedia.org\/wiki\/Tintin,_mon_copain\">Tintin, mon copain \u2014 Metapedia<\/a><\/p>\n","protected":false},"featured_media":10323,"template":"","meta":{"_acf_changed":false,"_monsterinsights_skip_tracking":false,"_monsterinsights_sitenote_active":false,"_monsterinsights_sitenote_note":"","_monsterinsights_sitenote_category":0},"product_brand":[],"product_cat":[40],"product_tag":[],"class_list":{"0":"post-10321","1":"product","2":"type-product","3":"status-publish","4":"has-post-thumbnail","6":"product_cat-livres","8":"first","9":"instock","10":"sale","11":"shipping-taxable","12":"purchasable","13":"product-type-simple"},"acf":[],"yoast_head":"<!-- This site is optimized with the Yoast SEO plugin v27.2 - https:\/\/yoast.com\/product\/yoast-seo-wordpress\/ -->\n<title>Rare livre &quot;Tintin mon copain&quot; de L\u00e9on Degrelle 150 exemplaires - Normandy Military Antiques<\/title>\n<meta name=\"robots\" content=\"index, follow, max-snippet:-1, max-image-preview:large, max-video-preview:-1\" \/>\n<link rel=\"canonical\" href=\"https:\/\/normandymilitaryantiques.fr\/en\/produit\/english-rare-livre-tintin-mon-copain-de-leon-degrelle-150-exemplaires\/\" \/>\n<meta property=\"og:locale\" content=\"en_US\" \/>\n<meta property=\"og:type\" content=\"article\" \/>\n<meta property=\"og:title\" content=\"Rare livre &quot;Tintin mon copain&quot; de L\u00e9on Degrelle 150 exemplaires - Normandy Military Antiques\" \/>\n<meta property=\"og:description\" content=\"Voici un livre exceptionnellement rare et intriguant, &quot;Tintin mon copain&quot; \u00e9crit par L\u00e9on Degrelle aux \u00e9ditions &quot; P\u00e9lican d&#039;or &quot;. Tintin mon copain\u00a0(Editions du P\u00e9lican d&#039;or, 2000) est un ouvrage de\u00a0L\u00e9on Degrelle, paru apr\u00e8s son d\u00e9c\u00e8s, qui \u00e9voque de mani\u00e8re d\u00e9taill\u00e9e la vie et les influences d&#039;Herg\u00e9. Il ne s&#039;agit pas d&#039;une BD mais d&#039;une v\u00e9ritable encyclop\u00e9die de 231 pages avec des photos, de nombreuses reproductions de planches et \u00e9crits d&#039;Herg\u00e9. L\u00e9on Degrelle y affirme, avoir inspir\u00e9 le personnage de Tintin \u00e0\u00a0Herg\u00e9. En fait, cet ouvrage est surtout une auto-biographie apocryphe de L\u00e9on Degrelle.  Dans la notice du livre on peut lire le texte suivant\u00a0:  \u00ab\u00a0Degrelle entreprend ici de d\u00e9montrer que Tintin c&#039;est lui\u00a0! Preuves \u00e0 l&#039;appui, il nous raconte quand et comment est n\u00e9 le jeune reporter intr\u00e9pide, mais aussi le contexte culturel, social et politique de l&#039;\u00e9poque: la mont\u00e9e de Rex, la guerre, l&#039;\u00e9puration (qui a touch\u00e9 \u00e9galement Herg\u00e9). Les versions censur\u00e9es de Tintin (apr\u00e8s la guerre) sont ici reproduites, ainsi que les nombreux clins d&#039;oeil de Herg\u00e9 \u00e0 L\u00e9on Degrelle, plus de 400 illustrations et de nombreuses r\u00e9v\u00e9lations\u00a0\u00bb.  Il y a aussi de nombreuses reproductions des dessinateurs amis d&#039;Herg\u00e9 comme Jam (Paul Jamin) qui sera s\u00e9rieusement condamn\u00e9 \u00e0 la lib\u00e9ration.  Interdit de vente en Belgique et en France pour contrefa\u00e7on aux droits d&#039;auteur (apr\u00e8s une plainte des ayant-droits, la Fondation Herg\u00e9), le livre a \u00e9t\u00e9 imprim\u00e9 \u00e0 1000 exemplaires dont 850 ont \u00e9t\u00e9 saisis et br\u00fbl\u00e9s. Il reste 150 exemplaires en circulation. Une grande partie se trouve chez des collectionneurs. De ce fait, l&#039;ouvrage est devenu un objet de sp\u00e9culation.  Tintin, mon copain \u2014 Metapedia\" \/>\n<meta property=\"og:url\" content=\"https:\/\/normandymilitaryantiques.fr\/en\/produit\/english-rare-livre-tintin-mon-copain-de-leon-degrelle-150-exemplaires\/\" \/>\n<meta property=\"og:site_name\" content=\"Normandy Military Antiques\" \/>\n<meta property=\"og:image\" content=\"https:\/\/normandymilitaryantiques.fr\/wp-content\/uploads\/2025\/05\/IMG_1297-scaled.jpg\" \/>\n\t<meta property=\"og:image:width\" content=\"2560\" \/>\n\t<meta property=\"og:image:height\" content=\"1707\" \/>\n\t<meta property=\"og:image:type\" content=\"image\/jpeg\" \/>\n<meta name=\"twitter:card\" content=\"summary_large_image\" \/>\n<meta name=\"twitter:label1\" content=\"Est. reading time\" \/>\n\t<meta name=\"twitter:data1\" content=\"1 minute\" \/>\n<script type=\"application\/ld+json\" class=\"yoast-schema-graph\">{\"@context\":\"https:\/\/schema.org\",\"@graph\":[{\"@type\":\"WebPage\",\"@id\":\"https:\/\/normandymilitaryantiques.fr\/en\/produit\/english-rare-livre-tintin-mon-copain-de-leon-degrelle-150-exemplaires\/\",\"url\":\"https:\/\/normandymilitaryantiques.fr\/en\/produit\/english-rare-livre-tintin-mon-copain-de-leon-degrelle-150-exemplaires\/\",\"name\":\"Rare livre \\\"Tintin mon copain\\\" de L\u00e9on Degrelle 150 exemplaires - Normandy Military Antiques\",\"isPartOf\":{\"@id\":\"https:\/\/normandymilitaryantiques.fr\/en\/#website\"},\"primaryImageOfPage\":{\"@id\":\"https:\/\/normandymilitaryantiques.fr\/en\/produit\/english-rare-livre-tintin-mon-copain-de-leon-degrelle-150-exemplaires\/#primaryimage\"},\"image\":{\"@id\":\"https:\/\/normandymilitaryantiques.fr\/produit\/english-rare-livre-tintin-mon-copain-de-leon-degrelle-150-exemplaires\/#primaryimage\"},\"thumbnailUrl\":\"https:\/\/normandymilitaryantiques.fr\/wp-content\/uploads\/2025\/05\/IMG_1297-scaled.jpg\",\"datePublished\":\"2025-12-19T15:24:12+00:00\",\"breadcrumb\":{\"@id\":\"https:\/\/normandymilitaryantiques.fr\/en\/produit\/english-rare-livre-tintin-mon-copain-de-leon-degrelle-150-exemplaires\/#breadcrumb\"},\"inLanguage\":\"en-US\",\"potentialAction\":[{\"@type\":\"ReadAction\",\"target\":[[\"https:\/\/normandymilitaryantiques.fr\/en\/produit\/english-rare-livre-tintin-mon-copain-de-leon-degrelle-150-exemplaires\/\"]]}]},{\"@type\":\"ImageObject\",\"inLanguage\":\"en-US\",\"@id\":\"https:\/\/normandymilitaryantiques.fr\/en\/produit\/english-rare-livre-tintin-mon-copain-de-leon-degrelle-150-exemplaires\/#primaryimage\",\"url\":\"https:\/\/normandymilitaryantiques.fr\/wp-content\/uploads\/2025\/05\/IMG_1297-scaled.jpg\",\"contentUrl\":\"https:\/\/normandymilitaryantiques.fr\/wp-content\/uploads\/2025\/05\/IMG_1297-scaled.jpg\",\"width\":2560,\"height\":1707},{\"@type\":\"BreadcrumbList\",\"@id\":\"https:\/\/normandymilitaryantiques.fr\/en\/produit\/english-rare-livre-tintin-mon-copain-de-leon-degrelle-150-exemplaires\/#breadcrumb\",\"itemListElement\":[{\"@type\":\"ListItem\",\"position\":1,\"name\":\"Accueil\",\"item\":\"https:\/\/normandymilitaryantiques.fr\/en\/\"},{\"@type\":\"ListItem\",\"position\":2,\"name\":\"Rare livre \u00ab\u00a0Tintin mon copain\u00a0\u00bb de L\u00e9on Degrelle 150 exemplaires\"}]},{\"@type\":\"WebSite\",\"@id\":\"https:\/\/normandymilitaryantiques.fr\/en\/#website\",\"url\":\"https:\/\/normandymilitaryantiques.fr\/en\/\",\"name\":\"Normandy Military Antiques\",\"description\":\"\",\"potentialAction\":[{\"@type\":\"SearchAction\",\"target\":{\"@type\":\"EntryPoint\",\"urlTemplate\":\"https:\/\/normandymilitaryantiques.fr\/en\/?s={search_term_string}\"},\"query-input\":{\"@type\":\"PropertyValueSpecification\",\"valueRequired\":true,\"valueName\":\"search_term_string\"}}],\"inLanguage\":\"en-US\"}]}<\/script>\n<!-- \/ Yoast SEO plugin. -->","yoast_head_json":{"title":"Rare livre \"Tintin mon copain\" de L\u00e9on Degrelle 150 exemplaires - Normandy Military Antiques","robots":{"index":"index","follow":"follow","max-snippet":"max-snippet:-1","max-image-preview":"max-image-preview:large","max-video-preview":"max-video-preview:-1"},"canonical":"https:\/\/normandymilitaryantiques.fr\/en\/produit\/english-rare-livre-tintin-mon-copain-de-leon-degrelle-150-exemplaires\/","og_locale":"en_US","og_type":"article","og_title":"Rare livre \"Tintin mon copain\" de L\u00e9on Degrelle 150 exemplaires - Normandy Military Antiques","og_description":"Voici un livre exceptionnellement rare et intriguant, \"Tintin mon copain\" \u00e9crit par L\u00e9on Degrelle aux \u00e9ditions \" P\u00e9lican d'or \". Tintin mon copain\u00a0(Editions du P\u00e9lican d'or, 2000) est un ouvrage de\u00a0L\u00e9on Degrelle, paru apr\u00e8s son d\u00e9c\u00e8s, qui \u00e9voque de mani\u00e8re d\u00e9taill\u00e9e la vie et les influences d'Herg\u00e9. Il ne s'agit pas d'une BD mais d'une v\u00e9ritable encyclop\u00e9die de 231 pages avec des photos, de nombreuses reproductions de planches et \u00e9crits d'Herg\u00e9. L\u00e9on Degrelle y affirme, avoir inspir\u00e9 le personnage de Tintin \u00e0\u00a0Herg\u00e9. En fait, cet ouvrage est surtout une auto-biographie apocryphe de L\u00e9on Degrelle.  Dans la notice du livre on peut lire le texte suivant\u00a0:  \u00ab\u00a0Degrelle entreprend ici de d\u00e9montrer que Tintin c'est lui\u00a0! Preuves \u00e0 l'appui, il nous raconte quand et comment est n\u00e9 le jeune reporter intr\u00e9pide, mais aussi le contexte culturel, social et politique de l'\u00e9poque: la mont\u00e9e de Rex, la guerre, l'\u00e9puration (qui a touch\u00e9 \u00e9galement Herg\u00e9). Les versions censur\u00e9es de Tintin (apr\u00e8s la guerre) sont ici reproduites, ainsi que les nombreux clins d'oeil de Herg\u00e9 \u00e0 L\u00e9on Degrelle, plus de 400 illustrations et de nombreuses r\u00e9v\u00e9lations\u00a0\u00bb.  Il y a aussi de nombreuses reproductions des dessinateurs amis d'Herg\u00e9 comme Jam (Paul Jamin) qui sera s\u00e9rieusement condamn\u00e9 \u00e0 la lib\u00e9ration.  Interdit de vente en Belgique et en France pour contrefa\u00e7on aux droits d'auteur (apr\u00e8s une plainte des ayant-droits, la Fondation Herg\u00e9), le livre a \u00e9t\u00e9 imprim\u00e9 \u00e0 1000 exemplaires dont 850 ont \u00e9t\u00e9 saisis et br\u00fbl\u00e9s. Il reste 150 exemplaires en circulation. Une grande partie se trouve chez des collectionneurs. De ce fait, l'ouvrage est devenu un objet de sp\u00e9culation.  Tintin, mon copain \u2014 Metapedia","og_url":"https:\/\/normandymilitaryantiques.fr\/en\/produit\/english-rare-livre-tintin-mon-copain-de-leon-degrelle-150-exemplaires\/","og_site_name":"Normandy Military Antiques","og_image":[{"width":2560,"height":1707,"url":"https:\/\/normandymilitaryantiques.fr\/wp-content\/uploads\/2025\/05\/IMG_1297-scaled.jpg","type":"image\/jpeg"}],"twitter_card":"summary_large_image","twitter_misc":{"Est. reading time":"1 minute"},"schema":{"@context":"https:\/\/schema.org","@graph":[{"@type":"WebPage","@id":"https:\/\/normandymilitaryantiques.fr\/en\/produit\/english-rare-livre-tintin-mon-copain-de-leon-degrelle-150-exemplaires\/","url":"https:\/\/normandymilitaryantiques.fr\/en\/produit\/english-rare-livre-tintin-mon-copain-de-leon-degrelle-150-exemplaires\/","name":"Rare livre \"Tintin mon copain\" de L\u00e9on Degrelle 150 exemplaires - Normandy Military Antiques","isPartOf":{"@id":"https:\/\/normandymilitaryantiques.fr\/en\/#website"},"primaryImageOfPage":{"@id":"https:\/\/normandymilitaryantiques.fr\/en\/produit\/english-rare-livre-tintin-mon-copain-de-leon-degrelle-150-exemplaires\/#primaryimage"},"image":{"@id":"https:\/\/normandymilitaryantiques.fr\/produit\/english-rare-livre-tintin-mon-copain-de-leon-degrelle-150-exemplaires\/#primaryimage"},"thumbnailUrl":"https:\/\/normandymilitaryantiques.fr\/wp-content\/uploads\/2025\/05\/IMG_1297-scaled.jpg","datePublished":"2025-12-19T15:24:12+00:00","breadcrumb":{"@id":"https:\/\/normandymilitaryantiques.fr\/en\/produit\/english-rare-livre-tintin-mon-copain-de-leon-degrelle-150-exemplaires\/#breadcrumb"},"inLanguage":"en-US","potentialAction":[{"@type":"ReadAction","target":[["https:\/\/normandymilitaryantiques.fr\/en\/produit\/english-rare-livre-tintin-mon-copain-de-leon-degrelle-150-exemplaires\/"]]}]},{"@type":"ImageObject","inLanguage":"en-US","@id":"https:\/\/normandymilitaryantiques.fr\/en\/produit\/english-rare-livre-tintin-mon-copain-de-leon-degrelle-150-exemplaires\/#primaryimage","url":"https:\/\/normandymilitaryantiques.fr\/wp-content\/uploads\/2025\/05\/IMG_1297-scaled.jpg","contentUrl":"https:\/\/normandymilitaryantiques.fr\/wp-content\/uploads\/2025\/05\/IMG_1297-scaled.jpg","width":2560,"height":1707},{"@type":"BreadcrumbList","@id":"https:\/\/normandymilitaryantiques.fr\/en\/produit\/english-rare-livre-tintin-mon-copain-de-leon-degrelle-150-exemplaires\/#breadcrumb","itemListElement":[{"@type":"ListItem","position":1,"name":"Accueil","item":"https:\/\/normandymilitaryantiques.fr\/en\/"},{"@type":"ListItem","position":2,"name":"Rare livre \u00ab\u00a0Tintin mon copain\u00a0\u00bb de L\u00e9on Degrelle 150 exemplaires"}]},{"@type":"WebSite","@id":"https:\/\/normandymilitaryantiques.fr\/en\/#website","url":"https:\/\/normandymilitaryantiques.fr\/en\/","name":"Normandy Military Antiques","description":"","potentialAction":[{"@type":"SearchAction","target":{"@type":"EntryPoint","urlTemplate":"https:\/\/normandymilitaryantiques.fr\/en\/?s={search_term_string}"},"query-input":{"@type":"PropertyValueSpecification","valueRequired":true,"valueName":"search_term_string"}}],"inLanguage":"en-US"}]}},"_links":{"self":[{"href":"https:\/\/normandymilitaryantiques.fr\/en\/wp-json\/wp\/v2\/product\/10321","targetHints":{"allow":["GET"]}}],"collection":[{"href":"https:\/\/normandymilitaryantiques.fr\/en\/wp-json\/wp\/v2\/product"}],"about":[{"href":"https:\/\/normandymilitaryantiques.fr\/en\/wp-json\/wp\/v2\/types\/product"}],"wp:featuredmedia":[{"embeddable":true,"href":"https:\/\/normandymilitaryantiques.fr\/en\/wp-json\/wp\/v2\/media\/10323"}],"wp:attachment":[{"href":"https:\/\/normandymilitaryantiques.fr\/en\/wp-json\/wp\/v2\/media?parent=10321"}],"wp:term":[{"taxonomy":"product_brand","embeddable":true,"href":"https:\/\/normandymilitaryantiques.fr\/en\/wp-json\/wp\/v2\/product_brand?post=10321"},{"taxonomy":"product_cat","embeddable":true,"href":"https:\/\/normandymilitaryantiques.fr\/en\/wp-json\/wp\/v2\/product_cat?post=10321"},{"taxonomy":"product_tag","embeddable":true,"href":"https:\/\/normandymilitaryantiques.fr\/en\/wp-json\/wp\/v2\/product_tag?post=10321"}],"curies":[{"name":"wp","href":"https:\/\/api.w.org\/{rel}","templated":true}]}}