{"id":10572,"date":"2026-02-02T14:00:27","date_gmt":"2026-02-02T13:00:27","guid":{"rendered":"https:\/\/normandymilitaryantiques.fr\/?post_type=product&#038;p=10572"},"modified":"2026-02-02T14:03:12","modified_gmt":"2026-02-02T13:03:12","slug":"boucle-de-la-reichwehr-de-terrain","status":"publish","type":"product","link":"https:\/\/normandymilitaryantiques.fr\/en\/produit\/boucle-de-la-reichwehr-de-terrain\/","title":{"rendered":"Boucle de ceinturon Reichwehr de terrain &#8220;France 40&#8221;"},"content":{"rendered":"","protected":false},"excerpt":{"rendered":"<p>Boucle de la Reichwehr en maillechort venant du terrain, r\u00e9cup\u00e9r\u00e9e dans le Nord de la France. La Reichwehr \u00e9tait l&#8217;arm\u00e9e allemande sous le r\u00e9gime de la r\u00e9publique de Weimar entre 1919 et 1935, avant que celle-ci ne devienne la Wehrmacht. D\u00e8s le d\u00e9but de la guerre, de nombreux soldats de la Wehrmacht portent encore du mat\u00e9riel pr\u00e9coce venant de la Reichwehr comme les Feldbluse, cartouchi\u00e8res, tornister, casque comme en t\u00e9moigne de nombreuses photos de 1940 mais \u00e9galement comme cette photo tardive datant de 42 ou 43 ou notre homme porte une feldbluse 42, v\u00e9t\u00e9ran de la campagne de l&#8217;Est et portant sa boucle Reichwehr. Un pi\u00e8ce int\u00e9ressante en vitrine ou m\u00eame sur un mannequin de la campagne de 1940.<\/p>\n","protected":false},"featured_media":10573,"template":"","meta":{"_acf_changed":false,"_monsterinsights_skip_tracking":false,"_monsterinsights_sitenote_active":false,"_monsterinsights_sitenote_note":"","_monsterinsights_sitenote_category":0},"product_brand":[],"product_cat":[28,35,15],"product_tag":[],"class_list":{"0":"post-10572","1":"product","2":"type-product","3":"status-publish","4":"has-post-thumbnail","6":"product_cat-allemands","7":"product_cat-equipement","8":"product_cat-non-classe","10":"first","11":"instock","12":"sale","13":"shipping-taxable","14":"purchasable","15":"product-type-simple"},"acf":[],"yoast_head":"<!-- This site is optimized with the Yoast SEO plugin v27.2 - https:\/\/yoast.com\/product\/yoast-seo-wordpress\/ -->\n<title>Boucle de ceinturon Reichwehr de terrain &quot;France 40&quot; - Normandy Military Antiques<\/title>\n<meta name=\"robots\" content=\"index, follow, max-snippet:-1, max-image-preview:large, max-video-preview:-1\" \/>\n<link rel=\"canonical\" href=\"https:\/\/normandymilitaryantiques.fr\/en\/produit\/boucle-de-la-reichwehr-de-terrain\/\" \/>\n<meta property=\"og:locale\" content=\"en_US\" \/>\n<meta property=\"og:type\" content=\"article\" \/>\n<meta property=\"og:title\" content=\"Boucle de ceinturon Reichwehr de terrain &quot;France 40&quot; - Normandy Military Antiques\" \/>\n<meta property=\"og:description\" content=\"Boucle de la Reichwehr en maillechort venant du terrain, r\u00e9cup\u00e9r\u00e9e dans le Nord de la France. La Reichwehr \u00e9tait l&#039;arm\u00e9e allemande sous le r\u00e9gime de la r\u00e9publique de Weimar entre 1919 et 1935, avant que celle-ci ne devienne la Wehrmacht. D\u00e8s le d\u00e9but de la guerre, de nombreux soldats de la Wehrmacht portent encore du mat\u00e9riel pr\u00e9coce venant de la Reichwehr comme les Feldbluse, cartouchi\u00e8res, tornister, casque comme en t\u00e9moigne de nombreuses photos de 1940 mais \u00e9galement comme cette photo tardive datant de 42 ou 43 ou notre homme porte une feldbluse 42, v\u00e9t\u00e9ran de la campagne de l&#039;Est et portant sa boucle Reichwehr. Un pi\u00e8ce int\u00e9ressante en vitrine ou m\u00eame sur un mannequin de la campagne de 1940.\" \/>\n<meta property=\"og:url\" content=\"https:\/\/normandymilitaryantiques.fr\/en\/produit\/boucle-de-la-reichwehr-de-terrain\/\" \/>\n<meta property=\"og:site_name\" content=\"Normandy Military Antiques\" \/>\n<meta property=\"article:modified_time\" content=\"2026-02-02T13:03:12+00:00\" \/>\n<meta property=\"og:image\" content=\"https:\/\/normandymilitaryantiques.fr\/wp-content\/uploads\/2025\/06\/IMG_1479-scaled.jpg\" \/>\n\t<meta property=\"og:image:width\" content=\"2560\" \/>\n\t<meta property=\"og:image:height\" content=\"1707\" \/>\n\t<meta property=\"og:image:type\" content=\"image\/jpeg\" \/>\n<meta name=\"twitter:card\" content=\"summary_large_image\" \/>\n<meta name=\"twitter:label1\" content=\"Est. reading time\" \/>\n\t<meta name=\"twitter:data1\" content=\"1 minute\" \/>\n<script type=\"application\/ld+json\" class=\"yoast-schema-graph\">{\"@context\":\"https:\/\/schema.org\",\"@graph\":[{\"@type\":\"WebPage\",\"@id\":\"https:\/\/normandymilitaryantiques.fr\/en\/produit\/boucle-de-la-reichwehr-de-terrain\/\",\"url\":\"https:\/\/normandymilitaryantiques.fr\/en\/produit\/boucle-de-la-reichwehr-de-terrain\/\",\"name\":\"Boucle de ceinturon Reichwehr de terrain \\\"France 40\\\" - Normandy Military Antiques\",\"isPartOf\":{\"@id\":\"https:\/\/normandymilitaryantiques.fr\/en\/#website\"},\"primaryImageOfPage\":{\"@id\":\"https:\/\/normandymilitaryantiques.fr\/en\/produit\/boucle-de-la-reichwehr-de-terrain\/#primaryimage\"},\"image\":{\"@id\":\"https:\/\/normandymilitaryantiques.fr\/produit\/boucle-de-la-reichwehr-de-terrain\/#primaryimage\"},\"thumbnailUrl\":\"https:\/\/normandymilitaryantiques.fr\/wp-content\/uploads\/2025\/06\/IMG_1479-scaled.jpg\",\"datePublished\":\"2026-02-02T13:00:27+00:00\",\"dateModified\":\"2026-02-02T13:03:12+00:00\",\"breadcrumb\":{\"@id\":\"https:\/\/normandymilitaryantiques.fr\/en\/produit\/boucle-de-la-reichwehr-de-terrain\/#breadcrumb\"},\"inLanguage\":\"en-US\",\"potentialAction\":[{\"@type\":\"ReadAction\",\"target\":[[\"https:\/\/normandymilitaryantiques.fr\/en\/produit\/boucle-de-la-reichwehr-de-terrain\/\"]]}]},{\"@type\":\"ImageObject\",\"inLanguage\":\"en-US\",\"@id\":\"https:\/\/normandymilitaryantiques.fr\/en\/produit\/boucle-de-la-reichwehr-de-terrain\/#primaryimage\",\"url\":\"https:\/\/normandymilitaryantiques.fr\/wp-content\/uploads\/2025\/06\/IMG_1479-scaled.jpg\",\"contentUrl\":\"https:\/\/normandymilitaryantiques.fr\/wp-content\/uploads\/2025\/06\/IMG_1479-scaled.jpg\",\"width\":2560,\"height\":1707},{\"@type\":\"BreadcrumbList\",\"@id\":\"https:\/\/normandymilitaryantiques.fr\/en\/produit\/boucle-de-la-reichwehr-de-terrain\/#breadcrumb\",\"itemListElement\":[{\"@type\":\"ListItem\",\"position\":1,\"name\":\"Accueil\",\"item\":\"https:\/\/normandymilitaryantiques.fr\/en\/\"},{\"@type\":\"ListItem\",\"position\":2,\"name\":\"Boucle de ceinturon Reichwehr de terrain \u00ab\u00a0France 40\u00a0\u00bb\"}]},{\"@type\":\"WebSite\",\"@id\":\"https:\/\/normandymilitaryantiques.fr\/en\/#website\",\"url\":\"https:\/\/normandymilitaryantiques.fr\/en\/\",\"name\":\"Normandy Military Antiques\",\"description\":\"\",\"potentialAction\":[{\"@type\":\"SearchAction\",\"target\":{\"@type\":\"EntryPoint\",\"urlTemplate\":\"https:\/\/normandymilitaryantiques.fr\/en\/?s={search_term_string}\"},\"query-input\":{\"@type\":\"PropertyValueSpecification\",\"valueRequired\":true,\"valueName\":\"search_term_string\"}}],\"inLanguage\":\"en-US\"}]}<\/script>\n<!-- \/ Yoast SEO plugin. -->","yoast_head_json":{"title":"Boucle de ceinturon Reichwehr de terrain \"France 40\" - Normandy Military Antiques","robots":{"index":"index","follow":"follow","max-snippet":"max-snippet:-1","max-image-preview":"max-image-preview:large","max-video-preview":"max-video-preview:-1"},"canonical":"https:\/\/normandymilitaryantiques.fr\/en\/produit\/boucle-de-la-reichwehr-de-terrain\/","og_locale":"en_US","og_type":"article","og_title":"Boucle de ceinturon Reichwehr de terrain \"France 40\" - Normandy Military Antiques","og_description":"Boucle de la Reichwehr en maillechort venant du terrain, r\u00e9cup\u00e9r\u00e9e dans le Nord de la France. La Reichwehr \u00e9tait l'arm\u00e9e allemande sous le r\u00e9gime de la r\u00e9publique de Weimar entre 1919 et 1935, avant que celle-ci ne devienne la Wehrmacht. D\u00e8s le d\u00e9but de la guerre, de nombreux soldats de la Wehrmacht portent encore du mat\u00e9riel pr\u00e9coce venant de la Reichwehr comme les Feldbluse, cartouchi\u00e8res, tornister, casque comme en t\u00e9moigne de nombreuses photos de 1940 mais \u00e9galement comme cette photo tardive datant de 42 ou 43 ou notre homme porte une feldbluse 42, v\u00e9t\u00e9ran de la campagne de l'Est et portant sa boucle Reichwehr. Un pi\u00e8ce int\u00e9ressante en vitrine ou m\u00eame sur un mannequin de la campagne de 1940.","og_url":"https:\/\/normandymilitaryantiques.fr\/en\/produit\/boucle-de-la-reichwehr-de-terrain\/","og_site_name":"Normandy Military Antiques","article_modified_time":"2026-02-02T13:03:12+00:00","og_image":[{"width":2560,"height":1707,"url":"https:\/\/normandymilitaryantiques.fr\/wp-content\/uploads\/2025\/06\/IMG_1479-scaled.jpg","type":"image\/jpeg"}],"twitter_card":"summary_large_image","twitter_misc":{"Est. reading time":"1 minute"},"schema":{"@context":"https:\/\/schema.org","@graph":[{"@type":"WebPage","@id":"https:\/\/normandymilitaryantiques.fr\/en\/produit\/boucle-de-la-reichwehr-de-terrain\/","url":"https:\/\/normandymilitaryantiques.fr\/en\/produit\/boucle-de-la-reichwehr-de-terrain\/","name":"Boucle de ceinturon Reichwehr de terrain \"France 40\" - Normandy Military Antiques","isPartOf":{"@id":"https:\/\/normandymilitaryantiques.fr\/en\/#website"},"primaryImageOfPage":{"@id":"https:\/\/normandymilitaryantiques.fr\/en\/produit\/boucle-de-la-reichwehr-de-terrain\/#primaryimage"},"image":{"@id":"https:\/\/normandymilitaryantiques.fr\/produit\/boucle-de-la-reichwehr-de-terrain\/#primaryimage"},"thumbnailUrl":"https:\/\/normandymilitaryantiques.fr\/wp-content\/uploads\/2025\/06\/IMG_1479-scaled.jpg","datePublished":"2026-02-02T13:00:27+00:00","dateModified":"2026-02-02T13:03:12+00:00","breadcrumb":{"@id":"https:\/\/normandymilitaryantiques.fr\/en\/produit\/boucle-de-la-reichwehr-de-terrain\/#breadcrumb"},"inLanguage":"en-US","potentialAction":[{"@type":"ReadAction","target":[["https:\/\/normandymilitaryantiques.fr\/en\/produit\/boucle-de-la-reichwehr-de-terrain\/"]]}]},{"@type":"ImageObject","inLanguage":"en-US","@id":"https:\/\/normandymilitaryantiques.fr\/en\/produit\/boucle-de-la-reichwehr-de-terrain\/#primaryimage","url":"https:\/\/normandymilitaryantiques.fr\/wp-content\/uploads\/2025\/06\/IMG_1479-scaled.jpg","contentUrl":"https:\/\/normandymilitaryantiques.fr\/wp-content\/uploads\/2025\/06\/IMG_1479-scaled.jpg","width":2560,"height":1707},{"@type":"BreadcrumbList","@id":"https:\/\/normandymilitaryantiques.fr\/en\/produit\/boucle-de-la-reichwehr-de-terrain\/#breadcrumb","itemListElement":[{"@type":"ListItem","position":1,"name":"Accueil","item":"https:\/\/normandymilitaryantiques.fr\/en\/"},{"@type":"ListItem","position":2,"name":"Boucle de ceinturon Reichwehr de terrain \u00ab\u00a0France 40\u00a0\u00bb"}]},{"@type":"WebSite","@id":"https:\/\/normandymilitaryantiques.fr\/en\/#website","url":"https:\/\/normandymilitaryantiques.fr\/en\/","name":"Normandy Military Antiques","description":"","potentialAction":[{"@type":"SearchAction","target":{"@type":"EntryPoint","urlTemplate":"https:\/\/normandymilitaryantiques.fr\/en\/?s={search_term_string}"},"query-input":{"@type":"PropertyValueSpecification","valueRequired":true,"valueName":"search_term_string"}}],"inLanguage":"en-US"}]}},"_links":{"self":[{"href":"https:\/\/normandymilitaryantiques.fr\/en\/wp-json\/wp\/v2\/product\/10572","targetHints":{"allow":["GET"]}}],"collection":[{"href":"https:\/\/normandymilitaryantiques.fr\/en\/wp-json\/wp\/v2\/product"}],"about":[{"href":"https:\/\/normandymilitaryantiques.fr\/en\/wp-json\/wp\/v2\/types\/product"}],"wp:featuredmedia":[{"embeddable":true,"href":"https:\/\/normandymilitaryantiques.fr\/en\/wp-json\/wp\/v2\/media\/10573"}],"wp:attachment":[{"href":"https:\/\/normandymilitaryantiques.fr\/en\/wp-json\/wp\/v2\/media?parent=10572"}],"wp:term":[{"taxonomy":"product_brand","embeddable":true,"href":"https:\/\/normandymilitaryantiques.fr\/en\/wp-json\/wp\/v2\/product_brand?post=10572"},{"taxonomy":"product_cat","embeddable":true,"href":"https:\/\/normandymilitaryantiques.fr\/en\/wp-json\/wp\/v2\/product_cat?post=10572"},{"taxonomy":"product_tag","embeddable":true,"href":"https:\/\/normandymilitaryantiques.fr\/en\/wp-json\/wp\/v2\/product_tag?post=10572"}],"curies":[{"name":"wp","href":"https:\/\/api.w.org\/{rel}","templated":true}]}}