{"id":10592,"date":"2025-06-18T16:58:41","date_gmt":"2025-06-18T14:58:41","guid":{"rendered":"https:\/\/normandymilitaryantiques.fr\/?post_type=product&#038;p=10592"},"modified":"2025-06-18T16:58:56","modified_gmt":"2025-06-18T14:58:56","slug":"english-holster-colt-1911-a1-1942","status":"publish","type":"product","link":"https:\/\/normandymilitaryantiques.fr\/en\/produit\/english-holster-colt-1911-a1-1942\/","title":{"rendered":"Holster Colt 1911-A1 1942"},"content":{"rendered":"","protected":false},"excerpt":{"rendered":"<p>Holster Colt 45 1911 &#8211; 1911 A1. Le holster est une fabrication &#8220;SEARS 1942&#8221; le crochet est parfaitement en place sans d\u00e9faut . Le coussin interne est bien pr\u00e9sent,\u00a0 les coutures sont bien solides et le rabat est souple avec son marquage US, il est \u00e0 noter en revanche quelques craquelures sur le bout de rabat mais qui ne sont pas traversantes. Lacet en cuir tress\u00e9 en place d&#8217;origine.\u00a0 Le Holster est\u00a0 tr\u00e8s pr\u00e9sentable et peut accueillir un nouvel occupant sans soucis. Tr\u00e8s beau jus de terrain sorti du Nord de la France en plein secteur combat 1st ID.<\/p>\n","protected":false},"featured_media":10594,"template":"","meta":{"_acf_changed":false,"_monsterinsights_skip_tracking":false,"_monsterinsights_sitenote_active":false,"_monsterinsights_sitenote_note":"","_monsterinsights_sitenote_category":0},"product_brand":[],"product_cat":[27,23],"product_tag":[],"class_list":{"0":"post-10592","1":"product","2":"type-product","3":"status-publish","4":"has-post-thumbnail","6":"product_cat-americains","7":"product_cat-armement","9":"first","10":"instock","11":"shipping-taxable","12":"purchasable","13":"product-type-simple"},"acf":[],"yoast_head":"<!-- This site is optimized with the Yoast SEO plugin v27.2 - https:\/\/yoast.com\/product\/yoast-seo-wordpress\/ -->\n<title>Holster Colt 1911-A1 1942 - Normandy Military Antiques<\/title>\n<meta name=\"robots\" content=\"index, follow, max-snippet:-1, max-image-preview:large, max-video-preview:-1\" \/>\n<link rel=\"canonical\" href=\"https:\/\/normandymilitaryantiques.fr\/en\/produit\/english-holster-colt-1911-a1-1942\/\" \/>\n<meta property=\"og:locale\" content=\"en_US\" \/>\n<meta property=\"og:type\" content=\"article\" \/>\n<meta property=\"og:title\" content=\"Holster Colt 1911-A1 1942 - Normandy Military Antiques\" \/>\n<meta property=\"og:description\" content=\"Holster Colt 45 1911 - 1911 A1. Le holster est une fabrication &quot;SEARS 1942&quot; le crochet est parfaitement en place sans d\u00e9faut . Le coussin interne est bien pr\u00e9sent,\u00a0 les coutures sont bien solides et le rabat est souple avec son marquage US, il est \u00e0 noter en revanche quelques craquelures sur le bout de rabat mais qui ne sont pas traversantes. Lacet en cuir tress\u00e9 en place d&#039;origine.\u00a0 Le Holster est\u00a0 tr\u00e8s pr\u00e9sentable et peut accueillir un nouvel occupant sans soucis. Tr\u00e8s beau jus de terrain sorti du Nord de la France en plein secteur combat 1st ID.\" \/>\n<meta property=\"og:url\" content=\"https:\/\/normandymilitaryantiques.fr\/en\/produit\/english-holster-colt-1911-a1-1942\/\" \/>\n<meta property=\"og:site_name\" content=\"Normandy Military Antiques\" \/>\n<meta property=\"article:modified_time\" content=\"2025-06-18T14:58:56+00:00\" \/>\n<meta property=\"og:image\" content=\"https:\/\/normandymilitaryantiques.fr\/wp-content\/uploads\/2025\/06\/IMG_1487-scaled.jpg\" \/>\n\t<meta property=\"og:image:width\" content=\"2560\" \/>\n\t<meta property=\"og:image:height\" content=\"1707\" \/>\n\t<meta property=\"og:image:type\" content=\"image\/jpeg\" \/>\n<meta name=\"twitter:card\" content=\"summary_large_image\" \/>\n<meta name=\"twitter:label1\" content=\"Est. reading time\" \/>\n\t<meta name=\"twitter:data1\" content=\"1 minute\" \/>\n<script type=\"application\/ld+json\" class=\"yoast-schema-graph\">{\"@context\":\"https:\/\/schema.org\",\"@graph\":[{\"@type\":\"WebPage\",\"@id\":\"https:\/\/normandymilitaryantiques.fr\/en\/produit\/english-holster-colt-1911-a1-1942\/\",\"url\":\"https:\/\/normandymilitaryantiques.fr\/en\/produit\/english-holster-colt-1911-a1-1942\/\",\"name\":\"Holster Colt 1911-A1 1942 - Normandy Military Antiques\",\"isPartOf\":{\"@id\":\"https:\/\/normandymilitaryantiques.fr\/en\/#website\"},\"primaryImageOfPage\":{\"@id\":\"https:\/\/normandymilitaryantiques.fr\/en\/produit\/english-holster-colt-1911-a1-1942\/#primaryimage\"},\"image\":{\"@id\":\"https:\/\/normandymilitaryantiques.fr\/produit\/english-holster-colt-1911-a1-1942\/#primaryimage\"},\"thumbnailUrl\":\"https:\/\/normandymilitaryantiques.fr\/wp-content\/uploads\/2025\/06\/IMG_1487-scaled.jpg\",\"datePublished\":\"2025-06-18T14:58:41+00:00\",\"dateModified\":\"2025-06-18T14:58:56+00:00\",\"breadcrumb\":{\"@id\":\"https:\/\/normandymilitaryantiques.fr\/en\/produit\/english-holster-colt-1911-a1-1942\/#breadcrumb\"},\"inLanguage\":\"en-US\",\"potentialAction\":[{\"@type\":\"ReadAction\",\"target\":[[\"https:\/\/normandymilitaryantiques.fr\/en\/produit\/english-holster-colt-1911-a1-1942\/\"]]}]},{\"@type\":\"ImageObject\",\"inLanguage\":\"en-US\",\"@id\":\"https:\/\/normandymilitaryantiques.fr\/en\/produit\/english-holster-colt-1911-a1-1942\/#primaryimage\",\"url\":\"https:\/\/normandymilitaryantiques.fr\/wp-content\/uploads\/2025\/06\/IMG_1487-scaled.jpg\",\"contentUrl\":\"https:\/\/normandymilitaryantiques.fr\/wp-content\/uploads\/2025\/06\/IMG_1487-scaled.jpg\",\"width\":2560,\"height\":1707},{\"@type\":\"BreadcrumbList\",\"@id\":\"https:\/\/normandymilitaryantiques.fr\/en\/produit\/english-holster-colt-1911-a1-1942\/#breadcrumb\",\"itemListElement\":[{\"@type\":\"ListItem\",\"position\":1,\"name\":\"Accueil\",\"item\":\"https:\/\/normandymilitaryantiques.fr\/en\/\"},{\"@type\":\"ListItem\",\"position\":2,\"name\":\"Holster Colt 1911-A1 1942\"}]},{\"@type\":\"WebSite\",\"@id\":\"https:\/\/normandymilitaryantiques.fr\/en\/#website\",\"url\":\"https:\/\/normandymilitaryantiques.fr\/en\/\",\"name\":\"Normandy Military Antiques\",\"description\":\"\",\"potentialAction\":[{\"@type\":\"SearchAction\",\"target\":{\"@type\":\"EntryPoint\",\"urlTemplate\":\"https:\/\/normandymilitaryantiques.fr\/en\/?s={search_term_string}\"},\"query-input\":{\"@type\":\"PropertyValueSpecification\",\"valueRequired\":true,\"valueName\":\"search_term_string\"}}],\"inLanguage\":\"en-US\"}]}<\/script>\n<!-- \/ Yoast SEO plugin. -->","yoast_head_json":{"title":"Holster Colt 1911-A1 1942 - Normandy Military Antiques","robots":{"index":"index","follow":"follow","max-snippet":"max-snippet:-1","max-image-preview":"max-image-preview:large","max-video-preview":"max-video-preview:-1"},"canonical":"https:\/\/normandymilitaryantiques.fr\/en\/produit\/english-holster-colt-1911-a1-1942\/","og_locale":"en_US","og_type":"article","og_title":"Holster Colt 1911-A1 1942 - Normandy Military Antiques","og_description":"Holster Colt 45 1911 - 1911 A1. Le holster est une fabrication \"SEARS 1942\" le crochet est parfaitement en place sans d\u00e9faut . Le coussin interne est bien pr\u00e9sent,\u00a0 les coutures sont bien solides et le rabat est souple avec son marquage US, il est \u00e0 noter en revanche quelques craquelures sur le bout de rabat mais qui ne sont pas traversantes. Lacet en cuir tress\u00e9 en place d'origine.\u00a0 Le Holster est\u00a0 tr\u00e8s pr\u00e9sentable et peut accueillir un nouvel occupant sans soucis. Tr\u00e8s beau jus de terrain sorti du Nord de la France en plein secteur combat 1st ID.","og_url":"https:\/\/normandymilitaryantiques.fr\/en\/produit\/english-holster-colt-1911-a1-1942\/","og_site_name":"Normandy Military Antiques","article_modified_time":"2025-06-18T14:58:56+00:00","og_image":[{"width":2560,"height":1707,"url":"https:\/\/normandymilitaryantiques.fr\/wp-content\/uploads\/2025\/06\/IMG_1487-scaled.jpg","type":"image\/jpeg"}],"twitter_card":"summary_large_image","twitter_misc":{"Est. reading time":"1 minute"},"schema":{"@context":"https:\/\/schema.org","@graph":[{"@type":"WebPage","@id":"https:\/\/normandymilitaryantiques.fr\/en\/produit\/english-holster-colt-1911-a1-1942\/","url":"https:\/\/normandymilitaryantiques.fr\/en\/produit\/english-holster-colt-1911-a1-1942\/","name":"Holster Colt 1911-A1 1942 - Normandy Military Antiques","isPartOf":{"@id":"https:\/\/normandymilitaryantiques.fr\/en\/#website"},"primaryImageOfPage":{"@id":"https:\/\/normandymilitaryantiques.fr\/en\/produit\/english-holster-colt-1911-a1-1942\/#primaryimage"},"image":{"@id":"https:\/\/normandymilitaryantiques.fr\/produit\/english-holster-colt-1911-a1-1942\/#primaryimage"},"thumbnailUrl":"https:\/\/normandymilitaryantiques.fr\/wp-content\/uploads\/2025\/06\/IMG_1487-scaled.jpg","datePublished":"2025-06-18T14:58:41+00:00","dateModified":"2025-06-18T14:58:56+00:00","breadcrumb":{"@id":"https:\/\/normandymilitaryantiques.fr\/en\/produit\/english-holster-colt-1911-a1-1942\/#breadcrumb"},"inLanguage":"en-US","potentialAction":[{"@type":"ReadAction","target":[["https:\/\/normandymilitaryantiques.fr\/en\/produit\/english-holster-colt-1911-a1-1942\/"]]}]},{"@type":"ImageObject","inLanguage":"en-US","@id":"https:\/\/normandymilitaryantiques.fr\/en\/produit\/english-holster-colt-1911-a1-1942\/#primaryimage","url":"https:\/\/normandymilitaryantiques.fr\/wp-content\/uploads\/2025\/06\/IMG_1487-scaled.jpg","contentUrl":"https:\/\/normandymilitaryantiques.fr\/wp-content\/uploads\/2025\/06\/IMG_1487-scaled.jpg","width":2560,"height":1707},{"@type":"BreadcrumbList","@id":"https:\/\/normandymilitaryantiques.fr\/en\/produit\/english-holster-colt-1911-a1-1942\/#breadcrumb","itemListElement":[{"@type":"ListItem","position":1,"name":"Accueil","item":"https:\/\/normandymilitaryantiques.fr\/en\/"},{"@type":"ListItem","position":2,"name":"Holster Colt 1911-A1 1942"}]},{"@type":"WebSite","@id":"https:\/\/normandymilitaryantiques.fr\/en\/#website","url":"https:\/\/normandymilitaryantiques.fr\/en\/","name":"Normandy Military Antiques","description":"","potentialAction":[{"@type":"SearchAction","target":{"@type":"EntryPoint","urlTemplate":"https:\/\/normandymilitaryantiques.fr\/en\/?s={search_term_string}"},"query-input":{"@type":"PropertyValueSpecification","valueRequired":true,"valueName":"search_term_string"}}],"inLanguage":"en-US"}]}},"_links":{"self":[{"href":"https:\/\/normandymilitaryantiques.fr\/en\/wp-json\/wp\/v2\/product\/10592","targetHints":{"allow":["GET"]}}],"collection":[{"href":"https:\/\/normandymilitaryantiques.fr\/en\/wp-json\/wp\/v2\/product"}],"about":[{"href":"https:\/\/normandymilitaryantiques.fr\/en\/wp-json\/wp\/v2\/types\/product"}],"wp:featuredmedia":[{"embeddable":true,"href":"https:\/\/normandymilitaryantiques.fr\/en\/wp-json\/wp\/v2\/media\/10594"}],"wp:attachment":[{"href":"https:\/\/normandymilitaryantiques.fr\/en\/wp-json\/wp\/v2\/media?parent=10592"}],"wp:term":[{"taxonomy":"product_brand","embeddable":true,"href":"https:\/\/normandymilitaryantiques.fr\/en\/wp-json\/wp\/v2\/product_brand?post=10592"},{"taxonomy":"product_cat","embeddable":true,"href":"https:\/\/normandymilitaryantiques.fr\/en\/wp-json\/wp\/v2\/product_cat?post=10592"},{"taxonomy":"product_tag","embeddable":true,"href":"https:\/\/normandymilitaryantiques.fr\/en\/wp-json\/wp\/v2\/product_tag?post=10592"}],"curies":[{"name":"wp","href":"https:\/\/api.w.org\/{rel}","templated":true}]}}