{"id":10696,"date":"2025-12-19T16:05:02","date_gmt":"2025-12-19T15:05:02","guid":{"rendered":"https:\/\/normandymilitaryantiques.fr\/?post_type=product&#038;p=10696"},"modified":"2025-12-23T14:16:38","modified_gmt":"2025-12-23T13:16:38","slug":"container-a-cache-flamme-de-mg-34","status":"publish","type":"product","link":"https:\/\/normandymilitaryantiques.fr\/en\/produit\/container-a-cache-flamme-de-mg-34\/","title":{"rendered":"Container \u00e0 cache flamme de MG 34"},"content":{"rendered":"","protected":false},"excerpt":{"rendered":"<p>Container pour le stockage d&#8217;un cache flamme complet de mitrailleuse MG34 allemande. Ces container g\u00e9n\u00e9ralement\u00a0 pr\u00e9sent directement dans la trousse tireur , dans la &#8220;E&#8221; Kasten ou m\u00eame parfois dans les caisses &#8220;\u00d6l&#8221; et &#8221; Petroleum&#8221; ;\u00e9tait en usage pour le nettoyage intensif du syst\u00e8me cache flamme complet de la mitrailleuse\u00a0 MG-34, en effet apr\u00e8s un usage intensif, la MG 34 fabriqu\u00e9e avec une haute finition avait le besoin d&#8217;un nettoyage important pour assurer son bon fonctionnement. Le bloc cache flamme retenant beaucoup de calamine, il \u00e9tait pr\u00e9conis\u00e9 de le laisser tremper toute une nuit avec un m\u00e9lange de k\u00e9ros\u00e8ne et d&#8217;huile afin de d\u00e9gripper toute les parties, et ce petit container avait pour but la r\u00e9alisation de ce nettoyage. L&#8217;exemplaire propos\u00e9 \u00e0 \u00e9tait d\u00e9couvert tr\u00e8s r\u00e9cemment dans le Nord de la France, il est en bon \u00e9tat g\u00e9n\u00e9ral malgr\u00e9 une face l\u00e9g\u00e8rement piqu\u00e9, bouchon avec son joint bien pr\u00e9sent, beau WaffenAmt pr\u00e9sent. Une tr\u00e8s belle pi\u00e8ce, pas si courante aujourd&#8217;hui.<\/p>\n","protected":false},"featured_media":10697,"template":"","meta":{"_acf_changed":false,"_monsterinsights_skip_tracking":false,"_monsterinsights_sitenote_active":false,"_monsterinsights_sitenote_note":"","_monsterinsights_sitenote_category":0},"product_brand":[],"product_cat":[28,34],"product_tag":[],"class_list":{"0":"post-10696","1":"product","2":"type-product","3":"status-publish","4":"has-post-thumbnail","6":"product_cat-allemands","7":"product_cat-armement-2","9":"first","10":"instock","11":"sale","12":"shipping-taxable","13":"purchasable","14":"product-type-simple"},"acf":[],"yoast_head":"<!-- This site is optimized with the Yoast SEO plugin v27.2 - https:\/\/yoast.com\/product\/yoast-seo-wordpress\/ -->\n<title>Container \u00e0 cache flamme de MG 34 - Normandy Military Antiques<\/title>\n<meta name=\"robots\" content=\"index, follow, max-snippet:-1, max-image-preview:large, max-video-preview:-1\" \/>\n<link rel=\"canonical\" href=\"https:\/\/normandymilitaryantiques.fr\/en\/produit\/container-a-cache-flamme-de-mg-34\/\" \/>\n<meta property=\"og:locale\" content=\"en_US\" \/>\n<meta property=\"og:type\" content=\"article\" \/>\n<meta property=\"og:title\" content=\"Container \u00e0 cache flamme de MG 34 - Normandy Military Antiques\" \/>\n<meta property=\"og:description\" content=\"Container pour le stockage d&#039;un cache flamme complet de mitrailleuse MG34 allemande. Ces container g\u00e9n\u00e9ralement\u00a0 pr\u00e9sent directement dans la trousse tireur , dans la &quot;E&quot; Kasten ou m\u00eame parfois dans les caisses &quot;\u00d6l&quot; et &quot; Petroleum&quot; ;\u00e9tait en usage pour le nettoyage intensif du syst\u00e8me cache flamme complet de la mitrailleuse\u00a0 MG-34, en effet apr\u00e8s un usage intensif, la MG 34 fabriqu\u00e9e avec une haute finition avait le besoin d&#039;un nettoyage important pour assurer son bon fonctionnement. Le bloc cache flamme retenant beaucoup de calamine, il \u00e9tait pr\u00e9conis\u00e9 de le laisser tremper toute une nuit avec un m\u00e9lange de k\u00e9ros\u00e8ne et d&#039;huile afin de d\u00e9gripper toute les parties, et ce petit container avait pour but la r\u00e9alisation de ce nettoyage. L&#039;exemplaire propos\u00e9 \u00e0 \u00e9tait d\u00e9couvert tr\u00e8s r\u00e9cemment dans le Nord de la France, il est en bon \u00e9tat g\u00e9n\u00e9ral malgr\u00e9 une face l\u00e9g\u00e8rement piqu\u00e9, bouchon avec son joint bien pr\u00e9sent, beau WaffenAmt pr\u00e9sent. Une tr\u00e8s belle pi\u00e8ce, pas si courante aujourd&#039;hui.\" \/>\n<meta property=\"og:url\" content=\"https:\/\/normandymilitaryantiques.fr\/en\/produit\/container-a-cache-flamme-de-mg-34\/\" \/>\n<meta property=\"og:site_name\" content=\"Normandy Military Antiques\" \/>\n<meta property=\"article:modified_time\" content=\"2025-12-23T13:16:38+00:00\" \/>\n<meta property=\"og:image\" content=\"https:\/\/normandymilitaryantiques.fr\/wp-content\/uploads\/2025\/06\/IMG_1554-scaled.jpg\" \/>\n\t<meta property=\"og:image:width\" content=\"2560\" \/>\n\t<meta property=\"og:image:height\" content=\"1707\" \/>\n\t<meta property=\"og:image:type\" content=\"image\/jpeg\" \/>\n<meta name=\"twitter:card\" content=\"summary_large_image\" \/>\n<meta name=\"twitter:label1\" content=\"Est. reading time\" \/>\n\t<meta name=\"twitter:data1\" content=\"2 minutes\" \/>\n<script type=\"application\/ld+json\" class=\"yoast-schema-graph\">{\"@context\":\"https:\/\/schema.org\",\"@graph\":[{\"@type\":\"WebPage\",\"@id\":\"https:\/\/normandymilitaryantiques.fr\/en\/produit\/container-a-cache-flamme-de-mg-34\/\",\"url\":\"https:\/\/normandymilitaryantiques.fr\/en\/produit\/container-a-cache-flamme-de-mg-34\/\",\"name\":\"Container \u00e0 cache flamme de MG 34 - Normandy Military Antiques\",\"isPartOf\":{\"@id\":\"https:\/\/normandymilitaryantiques.fr\/en\/#website\"},\"primaryImageOfPage\":{\"@id\":\"https:\/\/normandymilitaryantiques.fr\/en\/produit\/container-a-cache-flamme-de-mg-34\/#primaryimage\"},\"image\":{\"@id\":\"https:\/\/normandymilitaryantiques.fr\/produit\/container-a-cache-flamme-de-mg-34\/#primaryimage\"},\"thumbnailUrl\":\"https:\/\/normandymilitaryantiques.fr\/wp-content\/uploads\/2025\/06\/IMG_1554-scaled.jpg\",\"datePublished\":\"2025-12-19T15:05:02+00:00\",\"dateModified\":\"2025-12-23T13:16:38+00:00\",\"breadcrumb\":{\"@id\":\"https:\/\/normandymilitaryantiques.fr\/en\/produit\/container-a-cache-flamme-de-mg-34\/#breadcrumb\"},\"inLanguage\":\"en-US\",\"potentialAction\":[{\"@type\":\"ReadAction\",\"target\":[[\"https:\/\/normandymilitaryantiques.fr\/en\/produit\/container-a-cache-flamme-de-mg-34\/\"]]}]},{\"@type\":\"ImageObject\",\"inLanguage\":\"en-US\",\"@id\":\"https:\/\/normandymilitaryantiques.fr\/en\/produit\/container-a-cache-flamme-de-mg-34\/#primaryimage\",\"url\":\"https:\/\/normandymilitaryantiques.fr\/wp-content\/uploads\/2025\/06\/IMG_1554-scaled.jpg\",\"contentUrl\":\"https:\/\/normandymilitaryantiques.fr\/wp-content\/uploads\/2025\/06\/IMG_1554-scaled.jpg\",\"width\":2560,\"height\":1707},{\"@type\":\"BreadcrumbList\",\"@id\":\"https:\/\/normandymilitaryantiques.fr\/en\/produit\/container-a-cache-flamme-de-mg-34\/#breadcrumb\",\"itemListElement\":[{\"@type\":\"ListItem\",\"position\":1,\"name\":\"Accueil\",\"item\":\"https:\/\/normandymilitaryantiques.fr\/en\/\"},{\"@type\":\"ListItem\",\"position\":2,\"name\":\"Container \u00e0 cache flamme de MG 34\"}]},{\"@type\":\"WebSite\",\"@id\":\"https:\/\/normandymilitaryantiques.fr\/en\/#website\",\"url\":\"https:\/\/normandymilitaryantiques.fr\/en\/\",\"name\":\"Normandy Military Antiques\",\"description\":\"\",\"potentialAction\":[{\"@type\":\"SearchAction\",\"target\":{\"@type\":\"EntryPoint\",\"urlTemplate\":\"https:\/\/normandymilitaryantiques.fr\/en\/?s={search_term_string}\"},\"query-input\":{\"@type\":\"PropertyValueSpecification\",\"valueRequired\":true,\"valueName\":\"search_term_string\"}}],\"inLanguage\":\"en-US\"}]}<\/script>\n<!-- \/ Yoast SEO plugin. -->","yoast_head_json":{"title":"Container \u00e0 cache flamme de MG 34 - Normandy Military Antiques","robots":{"index":"index","follow":"follow","max-snippet":"max-snippet:-1","max-image-preview":"max-image-preview:large","max-video-preview":"max-video-preview:-1"},"canonical":"https:\/\/normandymilitaryantiques.fr\/en\/produit\/container-a-cache-flamme-de-mg-34\/","og_locale":"en_US","og_type":"article","og_title":"Container \u00e0 cache flamme de MG 34 - Normandy Military Antiques","og_description":"Container pour le stockage d'un cache flamme complet de mitrailleuse MG34 allemande. Ces container g\u00e9n\u00e9ralement\u00a0 pr\u00e9sent directement dans la trousse tireur , dans la \"E\" Kasten ou m\u00eame parfois dans les caisses \"\u00d6l\" et \" Petroleum\" ;\u00e9tait en usage pour le nettoyage intensif du syst\u00e8me cache flamme complet de la mitrailleuse\u00a0 MG-34, en effet apr\u00e8s un usage intensif, la MG 34 fabriqu\u00e9e avec une haute finition avait le besoin d'un nettoyage important pour assurer son bon fonctionnement. Le bloc cache flamme retenant beaucoup de calamine, il \u00e9tait pr\u00e9conis\u00e9 de le laisser tremper toute une nuit avec un m\u00e9lange de k\u00e9ros\u00e8ne et d'huile afin de d\u00e9gripper toute les parties, et ce petit container avait pour but la r\u00e9alisation de ce nettoyage. L'exemplaire propos\u00e9 \u00e0 \u00e9tait d\u00e9couvert tr\u00e8s r\u00e9cemment dans le Nord de la France, il est en bon \u00e9tat g\u00e9n\u00e9ral malgr\u00e9 une face l\u00e9g\u00e8rement piqu\u00e9, bouchon avec son joint bien pr\u00e9sent, beau WaffenAmt pr\u00e9sent. Une tr\u00e8s belle pi\u00e8ce, pas si courante aujourd'hui.","og_url":"https:\/\/normandymilitaryantiques.fr\/en\/produit\/container-a-cache-flamme-de-mg-34\/","og_site_name":"Normandy Military Antiques","article_modified_time":"2025-12-23T13:16:38+00:00","og_image":[{"width":2560,"height":1707,"url":"https:\/\/normandymilitaryantiques.fr\/wp-content\/uploads\/2025\/06\/IMG_1554-scaled.jpg","type":"image\/jpeg"}],"twitter_card":"summary_large_image","twitter_misc":{"Est. reading time":"2 minutes"},"schema":{"@context":"https:\/\/schema.org","@graph":[{"@type":"WebPage","@id":"https:\/\/normandymilitaryantiques.fr\/en\/produit\/container-a-cache-flamme-de-mg-34\/","url":"https:\/\/normandymilitaryantiques.fr\/en\/produit\/container-a-cache-flamme-de-mg-34\/","name":"Container \u00e0 cache flamme de MG 34 - Normandy Military Antiques","isPartOf":{"@id":"https:\/\/normandymilitaryantiques.fr\/en\/#website"},"primaryImageOfPage":{"@id":"https:\/\/normandymilitaryantiques.fr\/en\/produit\/container-a-cache-flamme-de-mg-34\/#primaryimage"},"image":{"@id":"https:\/\/normandymilitaryantiques.fr\/produit\/container-a-cache-flamme-de-mg-34\/#primaryimage"},"thumbnailUrl":"https:\/\/normandymilitaryantiques.fr\/wp-content\/uploads\/2025\/06\/IMG_1554-scaled.jpg","datePublished":"2025-12-19T15:05:02+00:00","dateModified":"2025-12-23T13:16:38+00:00","breadcrumb":{"@id":"https:\/\/normandymilitaryantiques.fr\/en\/produit\/container-a-cache-flamme-de-mg-34\/#breadcrumb"},"inLanguage":"en-US","potentialAction":[{"@type":"ReadAction","target":[["https:\/\/normandymilitaryantiques.fr\/en\/produit\/container-a-cache-flamme-de-mg-34\/"]]}]},{"@type":"ImageObject","inLanguage":"en-US","@id":"https:\/\/normandymilitaryantiques.fr\/en\/produit\/container-a-cache-flamme-de-mg-34\/#primaryimage","url":"https:\/\/normandymilitaryantiques.fr\/wp-content\/uploads\/2025\/06\/IMG_1554-scaled.jpg","contentUrl":"https:\/\/normandymilitaryantiques.fr\/wp-content\/uploads\/2025\/06\/IMG_1554-scaled.jpg","width":2560,"height":1707},{"@type":"BreadcrumbList","@id":"https:\/\/normandymilitaryantiques.fr\/en\/produit\/container-a-cache-flamme-de-mg-34\/#breadcrumb","itemListElement":[{"@type":"ListItem","position":1,"name":"Accueil","item":"https:\/\/normandymilitaryantiques.fr\/en\/"},{"@type":"ListItem","position":2,"name":"Container \u00e0 cache flamme de MG 34"}]},{"@type":"WebSite","@id":"https:\/\/normandymilitaryantiques.fr\/en\/#website","url":"https:\/\/normandymilitaryantiques.fr\/en\/","name":"Normandy Military Antiques","description":"","potentialAction":[{"@type":"SearchAction","target":{"@type":"EntryPoint","urlTemplate":"https:\/\/normandymilitaryantiques.fr\/en\/?s={search_term_string}"},"query-input":{"@type":"PropertyValueSpecification","valueRequired":true,"valueName":"search_term_string"}}],"inLanguage":"en-US"}]}},"_links":{"self":[{"href":"https:\/\/normandymilitaryantiques.fr\/en\/wp-json\/wp\/v2\/product\/10696","targetHints":{"allow":["GET"]}}],"collection":[{"href":"https:\/\/normandymilitaryantiques.fr\/en\/wp-json\/wp\/v2\/product"}],"about":[{"href":"https:\/\/normandymilitaryantiques.fr\/en\/wp-json\/wp\/v2\/types\/product"}],"wp:featuredmedia":[{"embeddable":true,"href":"https:\/\/normandymilitaryantiques.fr\/en\/wp-json\/wp\/v2\/media\/10697"}],"wp:attachment":[{"href":"https:\/\/normandymilitaryantiques.fr\/en\/wp-json\/wp\/v2\/media?parent=10696"}],"wp:term":[{"taxonomy":"product_brand","embeddable":true,"href":"https:\/\/normandymilitaryantiques.fr\/en\/wp-json\/wp\/v2\/product_brand?post=10696"},{"taxonomy":"product_cat","embeddable":true,"href":"https:\/\/normandymilitaryantiques.fr\/en\/wp-json\/wp\/v2\/product_cat?post=10696"},{"taxonomy":"product_tag","embeddable":true,"href":"https:\/\/normandymilitaryantiques.fr\/en\/wp-json\/wp\/v2\/product_tag?post=10696"}],"curies":[{"name":"wp","href":"https:\/\/api.w.org\/{rel}","templated":true}]}}