{"id":7569,"date":"2025-07-23T11:25:50","date_gmt":"2025-07-23T09:25:50","guid":{"rendered":"https:\/\/normandymilitaryantiques.fr\/?post_type=product&#038;p=7569"},"modified":"2025-07-23T13:15:02","modified_gmt":"2025-07-23T11:15:02","slug":"feldbluse-m-40-kustenartillerie-fabrication-francaise","status":"publish","type":"product","link":"https:\/\/normandymilitaryantiques.fr\/en\/produit\/feldbluse-m-40-kustenartillerie-fabrication-francaise\/","title":{"rendered":"Feldbluse M-40 Kustenartillerie fabrication Fran\u00e7aise"},"content":{"rendered":"","protected":false},"excerpt":{"rendered":"<p class=\"qtranxs-available-languages-message qtranxs-available-languages-message-en\">Sorry, this entry is only available in <a href=\"https:\/\/normandymilitaryantiques.fr\/fr\/wp-json\/wp\/v2\/product\/7569\" class=\"qtranxs-available-language-link qtranxs-available-language-link-fr\" title=\"Fran\u00e7ais\">Fran\u00e7ais<\/a>.<\/p>\n","protected":false},"featured_media":7570,"template":"","meta":{"_acf_changed":false,"_monsterinsights_skip_tracking":false,"_monsterinsights_sitenote_active":false,"_monsterinsights_sitenote_note":"","_monsterinsights_sitenote_category":0},"product_brand":[],"product_cat":[28,32],"product_tag":[],"class_list":{"0":"post-7569","1":"product","2":"type-product","3":"status-publish","4":"has-post-thumbnail","6":"product_cat-allemands","7":"product_cat-uniformes-tenues","9":"first","10":"instock","11":"shipping-taxable","12":"purchasable","13":"product-type-simple"},"acf":[],"yoast_head":"<!-- This site is optimized with the Yoast SEO plugin v27.2 - https:\/\/yoast.com\/product\/yoast-seo-wordpress\/ -->\n<title>Feldbluse M-40 Kustenartillerie fabrication Fran\u00e7aise - Normandy Military Antiques<\/title>\n<meta name=\"robots\" content=\"index, follow, max-snippet:-1, max-image-preview:large, max-video-preview:-1\" \/>\n<link rel=\"canonical\" href=\"https:\/\/normandymilitaryantiques.fr\/en\/produit\/feldbluse-m-40-kustenartillerie-fabrication-francaise\/\" \/>\n<meta property=\"og:locale\" content=\"en_US\" \/>\n<meta property=\"og:type\" content=\"article\" \/>\n<meta property=\"og:title\" content=\"Feldbluse M-40 Kustenartillerie fabrication Fran\u00e7aise - Normandy Military Antiques\" \/>\n<meta property=\"og:description\" content=\"(Fran\u00e7ais) Feldbluse M-40 Kustenartillerie de la Kriegsmarine. Cette feldbluse de fabrication Fran\u00e7aise comme le montre le tampon de fabricant rectangulaire est en bel \u00e9tat g\u00e9n\u00e9ral. Aigle de poitrine typiquement de fabrication fran\u00e7aise, bien mont\u00e9 d\u2019origine au dessus de la poche droite.   Paire de litzen sp\u00e9cifiques \u00e0 l\u2019artillerie c\u00f4ti\u00e8re mont\u00e9 d\u2019origine \u00e9galement. Tresse de sous-officier cousue sur le col. Les pattes d\u2019\u00e9paules sont \u00e9galement des fabrications de tailleur fran\u00e7ais avec leur doublure rouge. Encre en m\u00e9tal mont\u00e9. Une encre semble diff\u00e9rente de l\u2019autre. Les pattes d\u2019\u00e9paule sont une vraie paire pour un Unteroffizier. Le drap de la feldbluse est en tr\u00e8s bon \u00e9tat, sans trou.   Tous les boutons sont pr\u00e9sents et peints en feldgrau. Boutons de manche pr\u00e9sents \u00e9galement. Pas de d\u00e9chirure, ni de grosse usure. Une petite reprise de 3mm sur la manche droite \u00e0 cot\u00e9 de la poche et reprise de la couture allant de la poche gauche \u00e0 l\u2019aisselle. Elle semble r\u00e9alis\u00e9e d\u2019\u00e9poque, tr\u00e8s propre et invisible. A noter un bouton de col est absent.   La doublure du col est quant \u00e0 elle plus us\u00e9e, montrant que la veste a \u00e9t\u00e9 port\u00e9e. Poche \u00e0 pansement bien pr\u00e9sente. Tampon du fabricant fran\u00e7ais bien visible ainsi que les tailles. Dans le dos plusieurs tampons des atelier filmographiques \u00ab Statni \u00bb avec leur num\u00e9ro d\u2019attribution.   Les ateliers \u00ab Statni Film \u00bb ont mis la main dans l\u2019imm\u00e9diat apr\u00e8s guerre sur une \u00e9norme quantit\u00e9 d\u2019uniformes allemands et les ont stock\u00e9s sans r\u00e9aliser de modification. Une grosse quantit\u00e9 de ces uniformes sont ressortis au public il y a 15-20 ans. La plupart des uniformes de la Waffen SS sont imm\u00e9diatement partis vers les Etats-Unis. Acqu\u00e9rir un uniforme allemand marqu\u00e9 des ateliers \u00ab Statni \u00bb est consid\u00e9r\u00e9 comme un gage d\u2019authenticit\u00e9, \u00e0 l\u2019image des couvres casque de la heer repris par les ateliers Path\u00e9 Cin\u00e9ma en France.   Une tr\u00e8s belle pi\u00e8ce typiquement d\u2019un Sous-officier de l\u2019artillerie c\u00f4ti\u00e8re en France. Id\u00e9al pour pr\u00e9senter sur un buste. Objet provenant d\u2019une ancienne collection bretonne.\" \/>\n<meta property=\"og:url\" content=\"https:\/\/normandymilitaryantiques.fr\/en\/produit\/feldbluse-m-40-kustenartillerie-fabrication-francaise\/\" \/>\n<meta property=\"og:site_name\" content=\"Normandy Military Antiques\" \/>\n<meta property=\"article:modified_time\" content=\"2025-07-23T11:15:02+00:00\" \/>\n<meta property=\"og:image\" content=\"https:\/\/normandymilitaryantiques.fr\/wp-content\/uploads\/2024\/10\/IMG_8790-scaled.jpg\" \/>\n\t<meta property=\"og:image:width\" content=\"2560\" \/>\n\t<meta property=\"og:image:height\" content=\"1823\" \/>\n\t<meta property=\"og:image:type\" content=\"image\/jpeg\" \/>\n<meta name=\"twitter:card\" content=\"summary_large_image\" \/>\n<meta name=\"twitter:label1\" content=\"Est. reading time\" \/>\n\t<meta name=\"twitter:data1\" content=\"2 minutes\" \/>\n<script type=\"application\/ld+json\" class=\"yoast-schema-graph\">{\"@context\":\"https:\/\/schema.org\",\"@graph\":[{\"@type\":\"WebPage\",\"@id\":\"https:\/\/normandymilitaryantiques.fr\/en\/produit\/feldbluse-m-40-kustenartillerie-fabrication-francaise\/\",\"url\":\"https:\/\/normandymilitaryantiques.fr\/en\/produit\/feldbluse-m-40-kustenartillerie-fabrication-francaise\/\",\"name\":\"Feldbluse M-40 Kustenartillerie fabrication Fran\u00e7aise - Normandy Military Antiques\",\"isPartOf\":{\"@id\":\"https:\/\/normandymilitaryantiques.fr\/en\/#website\"},\"primaryImageOfPage\":{\"@id\":\"https:\/\/normandymilitaryantiques.fr\/en\/produit\/feldbluse-m-40-kustenartillerie-fabrication-francaise\/#primaryimage\"},\"image\":{\"@id\":\"https:\/\/normandymilitaryantiques.fr\/produit\/feldbluse-m-40-kustenartillerie-fabrication-francaise\/#primaryimage\"},\"thumbnailUrl\":\"https:\/\/normandymilitaryantiques.fr\/wp-content\/uploads\/2024\/10\/IMG_8790-scaled.jpg\",\"datePublished\":\"2025-07-23T09:25:50+00:00\",\"dateModified\":\"2025-07-23T11:15:02+00:00\",\"breadcrumb\":{\"@id\":\"https:\/\/normandymilitaryantiques.fr\/en\/produit\/feldbluse-m-40-kustenartillerie-fabrication-francaise\/#breadcrumb\"},\"inLanguage\":\"en-US\",\"potentialAction\":[{\"@type\":\"ReadAction\",\"target\":[[\"https:\/\/normandymilitaryantiques.fr\/en\/produit\/feldbluse-m-40-kustenartillerie-fabrication-francaise\/\"]]}]},{\"@type\":\"ImageObject\",\"inLanguage\":\"en-US\",\"@id\":\"https:\/\/normandymilitaryantiques.fr\/en\/produit\/feldbluse-m-40-kustenartillerie-fabrication-francaise\/#primaryimage\",\"url\":\"https:\/\/normandymilitaryantiques.fr\/wp-content\/uploads\/2024\/10\/IMG_8790-scaled.jpg\",\"contentUrl\":\"https:\/\/normandymilitaryantiques.fr\/wp-content\/uploads\/2024\/10\/IMG_8790-scaled.jpg\",\"width\":2560,\"height\":1823},{\"@type\":\"BreadcrumbList\",\"@id\":\"https:\/\/normandymilitaryantiques.fr\/en\/produit\/feldbluse-m-40-kustenartillerie-fabrication-francaise\/#breadcrumb\",\"itemListElement\":[{\"@type\":\"ListItem\",\"position\":1,\"name\":\"Accueil\",\"item\":\"https:\/\/normandymilitaryantiques.fr\/en\/\"},{\"@type\":\"ListItem\",\"position\":2,\"name\":\"Feldbluse M-40 Kustenartillerie fabrication Fran\u00e7aise\"}]},{\"@type\":\"WebSite\",\"@id\":\"https:\/\/normandymilitaryantiques.fr\/en\/#website\",\"url\":\"https:\/\/normandymilitaryantiques.fr\/en\/\",\"name\":\"Normandy Military Antiques\",\"description\":\"\",\"potentialAction\":[{\"@type\":\"SearchAction\",\"target\":{\"@type\":\"EntryPoint\",\"urlTemplate\":\"https:\/\/normandymilitaryantiques.fr\/en\/?s={search_term_string}\"},\"query-input\":{\"@type\":\"PropertyValueSpecification\",\"valueRequired\":true,\"valueName\":\"search_term_string\"}}],\"inLanguage\":\"en-US\"}]}<\/script>\n<!-- \/ Yoast SEO plugin. -->","yoast_head_json":{"title":"Feldbluse M-40 Kustenartillerie fabrication Fran\u00e7aise - Normandy Military Antiques","robots":{"index":"index","follow":"follow","max-snippet":"max-snippet:-1","max-image-preview":"max-image-preview:large","max-video-preview":"max-video-preview:-1"},"canonical":"https:\/\/normandymilitaryantiques.fr\/en\/produit\/feldbluse-m-40-kustenartillerie-fabrication-francaise\/","og_locale":"en_US","og_type":"article","og_title":"Feldbluse M-40 Kustenartillerie fabrication Fran\u00e7aise - Normandy Military Antiques","og_description":"(Fran\u00e7ais) Feldbluse M-40 Kustenartillerie de la Kriegsmarine. Cette feldbluse de fabrication Fran\u00e7aise comme le montre le tampon de fabricant rectangulaire est en bel \u00e9tat g\u00e9n\u00e9ral. Aigle de poitrine typiquement de fabrication fran\u00e7aise, bien mont\u00e9 d\u2019origine au dessus de la poche droite.   Paire de litzen sp\u00e9cifiques \u00e0 l\u2019artillerie c\u00f4ti\u00e8re mont\u00e9 d\u2019origine \u00e9galement. Tresse de sous-officier cousue sur le col. Les pattes d\u2019\u00e9paules sont \u00e9galement des fabrications de tailleur fran\u00e7ais avec leur doublure rouge. Encre en m\u00e9tal mont\u00e9. Une encre semble diff\u00e9rente de l\u2019autre. Les pattes d\u2019\u00e9paule sont une vraie paire pour un Unteroffizier. Le drap de la feldbluse est en tr\u00e8s bon \u00e9tat, sans trou.   Tous les boutons sont pr\u00e9sents et peints en feldgrau. Boutons de manche pr\u00e9sents \u00e9galement. Pas de d\u00e9chirure, ni de grosse usure. Une petite reprise de 3mm sur la manche droite \u00e0 cot\u00e9 de la poche et reprise de la couture allant de la poche gauche \u00e0 l\u2019aisselle. Elle semble r\u00e9alis\u00e9e d\u2019\u00e9poque, tr\u00e8s propre et invisible. A noter un bouton de col est absent.   La doublure du col est quant \u00e0 elle plus us\u00e9e, montrant que la veste a \u00e9t\u00e9 port\u00e9e. Poche \u00e0 pansement bien pr\u00e9sente. Tampon du fabricant fran\u00e7ais bien visible ainsi que les tailles. Dans le dos plusieurs tampons des atelier filmographiques \u00ab Statni \u00bb avec leur num\u00e9ro d\u2019attribution.   Les ateliers \u00ab Statni Film \u00bb ont mis la main dans l\u2019imm\u00e9diat apr\u00e8s guerre sur une \u00e9norme quantit\u00e9 d\u2019uniformes allemands et les ont stock\u00e9s sans r\u00e9aliser de modification. Une grosse quantit\u00e9 de ces uniformes sont ressortis au public il y a 15-20 ans. La plupart des uniformes de la Waffen SS sont imm\u00e9diatement partis vers les Etats-Unis. Acqu\u00e9rir un uniforme allemand marqu\u00e9 des ateliers \u00ab Statni \u00bb est consid\u00e9r\u00e9 comme un gage d\u2019authenticit\u00e9, \u00e0 l\u2019image des couvres casque de la heer repris par les ateliers Path\u00e9 Cin\u00e9ma en France.   Une tr\u00e8s belle pi\u00e8ce typiquement d\u2019un Sous-officier de l\u2019artillerie c\u00f4ti\u00e8re en France. Id\u00e9al pour pr\u00e9senter sur un buste. Objet provenant d\u2019une ancienne collection bretonne.","og_url":"https:\/\/normandymilitaryantiques.fr\/en\/produit\/feldbluse-m-40-kustenartillerie-fabrication-francaise\/","og_site_name":"Normandy Military Antiques","article_modified_time":"2025-07-23T11:15:02+00:00","og_image":[{"width":2560,"height":1823,"url":"https:\/\/normandymilitaryantiques.fr\/wp-content\/uploads\/2024\/10\/IMG_8790-scaled.jpg","type":"image\/jpeg"}],"twitter_card":"summary_large_image","twitter_misc":{"Est. reading time":"2 minutes"},"schema":{"@context":"https:\/\/schema.org","@graph":[{"@type":"WebPage","@id":"https:\/\/normandymilitaryantiques.fr\/en\/produit\/feldbluse-m-40-kustenartillerie-fabrication-francaise\/","url":"https:\/\/normandymilitaryantiques.fr\/en\/produit\/feldbluse-m-40-kustenartillerie-fabrication-francaise\/","name":"Feldbluse M-40 Kustenartillerie fabrication Fran\u00e7aise - Normandy Military Antiques","isPartOf":{"@id":"https:\/\/normandymilitaryantiques.fr\/en\/#website"},"primaryImageOfPage":{"@id":"https:\/\/normandymilitaryantiques.fr\/en\/produit\/feldbluse-m-40-kustenartillerie-fabrication-francaise\/#primaryimage"},"image":{"@id":"https:\/\/normandymilitaryantiques.fr\/produit\/feldbluse-m-40-kustenartillerie-fabrication-francaise\/#primaryimage"},"thumbnailUrl":"https:\/\/normandymilitaryantiques.fr\/wp-content\/uploads\/2024\/10\/IMG_8790-scaled.jpg","datePublished":"2025-07-23T09:25:50+00:00","dateModified":"2025-07-23T11:15:02+00:00","breadcrumb":{"@id":"https:\/\/normandymilitaryantiques.fr\/en\/produit\/feldbluse-m-40-kustenartillerie-fabrication-francaise\/#breadcrumb"},"inLanguage":"en-US","potentialAction":[{"@type":"ReadAction","target":[["https:\/\/normandymilitaryantiques.fr\/en\/produit\/feldbluse-m-40-kustenartillerie-fabrication-francaise\/"]]}]},{"@type":"ImageObject","inLanguage":"en-US","@id":"https:\/\/normandymilitaryantiques.fr\/en\/produit\/feldbluse-m-40-kustenartillerie-fabrication-francaise\/#primaryimage","url":"https:\/\/normandymilitaryantiques.fr\/wp-content\/uploads\/2024\/10\/IMG_8790-scaled.jpg","contentUrl":"https:\/\/normandymilitaryantiques.fr\/wp-content\/uploads\/2024\/10\/IMG_8790-scaled.jpg","width":2560,"height":1823},{"@type":"BreadcrumbList","@id":"https:\/\/normandymilitaryantiques.fr\/en\/produit\/feldbluse-m-40-kustenartillerie-fabrication-francaise\/#breadcrumb","itemListElement":[{"@type":"ListItem","position":1,"name":"Accueil","item":"https:\/\/normandymilitaryantiques.fr\/en\/"},{"@type":"ListItem","position":2,"name":"Feldbluse M-40 Kustenartillerie fabrication Fran\u00e7aise"}]},{"@type":"WebSite","@id":"https:\/\/normandymilitaryantiques.fr\/en\/#website","url":"https:\/\/normandymilitaryantiques.fr\/en\/","name":"Normandy Military Antiques","description":"","potentialAction":[{"@type":"SearchAction","target":{"@type":"EntryPoint","urlTemplate":"https:\/\/normandymilitaryantiques.fr\/en\/?s={search_term_string}"},"query-input":{"@type":"PropertyValueSpecification","valueRequired":true,"valueName":"search_term_string"}}],"inLanguage":"en-US"}]}},"_links":{"self":[{"href":"https:\/\/normandymilitaryantiques.fr\/en\/wp-json\/wp\/v2\/product\/7569","targetHints":{"allow":["GET"]}}],"collection":[{"href":"https:\/\/normandymilitaryantiques.fr\/en\/wp-json\/wp\/v2\/product"}],"about":[{"href":"https:\/\/normandymilitaryantiques.fr\/en\/wp-json\/wp\/v2\/types\/product"}],"wp:featuredmedia":[{"embeddable":true,"href":"https:\/\/normandymilitaryantiques.fr\/en\/wp-json\/wp\/v2\/media\/7570"}],"wp:attachment":[{"href":"https:\/\/normandymilitaryantiques.fr\/en\/wp-json\/wp\/v2\/media?parent=7569"}],"wp:term":[{"taxonomy":"product_brand","embeddable":true,"href":"https:\/\/normandymilitaryantiques.fr\/en\/wp-json\/wp\/v2\/product_brand?post=7569"},{"taxonomy":"product_cat","embeddable":true,"href":"https:\/\/normandymilitaryantiques.fr\/en\/wp-json\/wp\/v2\/product_cat?post=7569"},{"taxonomy":"product_tag","embeddable":true,"href":"https:\/\/normandymilitaryantiques.fr\/en\/wp-json\/wp\/v2\/product_tag?post=7569"}],"curies":[{"name":"wp","href":"https:\/\/api.w.org\/{rel}","templated":true}]}}