{"id":8596,"date":"2025-01-03T17:36:43","date_gmt":"2025-01-03T16:36:43","guid":{"rendered":"https:\/\/normandymilitaryantiques.fr\/?post_type=product&#038;p=8596"},"modified":"2025-08-01T16:24:03","modified_gmt":"2025-08-01T14:24:03","slug":"insigne-82nd-airborne-white-back-avec-tab-attenant","status":"publish","type":"product","link":"https:\/\/normandymilitaryantiques.fr\/en\/produit\/insigne-82nd-airborne-white-back-avec-tab-attenant\/","title":{"rendered":"(Fran\u00e7ais) Insigne 82nd Airborne &#8221; white back&#8221; avec tab attenant"},"content":{"rendered":"","protected":false},"excerpt":{"rendered":"<p class=\"qtranxs-available-languages-message qtranxs-available-languages-message-en\">Sorry, this entry is only available in <a href=\"https:\/\/normandymilitaryantiques.fr\/fr\/wp-json\/wp\/v2\/product\/8596\" class=\"qtranxs-available-language-link qtranxs-available-language-link-fr\" title=\"Fran\u00e7ais\">Fran\u00e7ais<\/a>.<\/p>\n","protected":false},"featured_media":8589,"template":"","meta":{"_acf_changed":false,"_monsterinsights_skip_tracking":false,"_monsterinsights_sitenote_active":false,"_monsterinsights_sitenote_note":"","_monsterinsights_sitenote_category":0},"product_brand":[],"product_cat":[41,27,30],"product_tag":[],"class_list":{"0":"post-8596","1":"product","2":"type-product","3":"status-publish","4":"has-post-thumbnail","6":"product_cat-airborne-et-troupes-delites-americaines","7":"product_cat-americains","8":"product_cat-insignes-distinctions-et-medailles","10":"first","11":"instock","12":"shipping-taxable","13":"purchasable","14":"product-type-simple"},"acf":[],"yoast_head":"<!-- This site is optimized with the Yoast SEO plugin v27.2 - https:\/\/yoast.com\/product\/yoast-seo-wordpress\/ -->\n<title>(Fran\u00e7ais) Insigne 82nd Airborne &quot; white back&quot; avec tab attenant - Normandy Military Antiques<\/title>\n<meta name=\"robots\" content=\"index, follow, max-snippet:-1, max-image-preview:large, max-video-preview:-1\" \/>\n<link rel=\"canonical\" href=\"https:\/\/normandymilitaryantiques.fr\/en\/produit\/insigne-82nd-airborne-white-back-avec-tab-attenant\/\" \/>\n<meta property=\"og:locale\" content=\"en_US\" \/>\n<meta property=\"og:type\" content=\"article\" \/>\n<meta property=\"og:title\" content=\"(Fran\u00e7ais) Insigne 82nd Airborne &quot; white back&quot; avec tab attenant - Normandy Military Antiques\" \/>\n<meta property=\"og:description\" content=\"(Fran\u00e7ais) Insigne de la 82nd Airborne, bonne fabrication White back dans sa version \u00e0 Tab attenant , l&#039;exemplaire propos\u00e9 est un bon mod\u00e8le port\u00e9.  &nbsp;\" \/>\n<meta property=\"og:url\" content=\"https:\/\/normandymilitaryantiques.fr\/en\/produit\/insigne-82nd-airborne-white-back-avec-tab-attenant\/\" \/>\n<meta property=\"og:site_name\" content=\"Normandy Military Antiques\" \/>\n<meta property=\"article:modified_time\" content=\"2025-08-01T14:24:03+00:00\" \/>\n<meta property=\"og:image\" content=\"https:\/\/normandymilitaryantiques.fr\/wp-content\/uploads\/2025\/01\/IMG_9673-scaled.jpg\" \/>\n\t<meta property=\"og:image:width\" content=\"2560\" \/>\n\t<meta property=\"og:image:height\" content=\"1707\" \/>\n\t<meta property=\"og:image:type\" content=\"image\/jpeg\" \/>\n<meta name=\"twitter:card\" content=\"summary_large_image\" \/>\n<meta name=\"twitter:label1\" content=\"Est. reading time\" \/>\n\t<meta name=\"twitter:data1\" content=\"1 minute\" \/>\n<script type=\"application\/ld+json\" class=\"yoast-schema-graph\">{\"@context\":\"https:\/\/schema.org\",\"@graph\":[{\"@type\":\"WebPage\",\"@id\":\"https:\/\/normandymilitaryantiques.fr\/en\/produit\/insigne-82nd-airborne-white-back-avec-tab-attenant\/\",\"url\":\"https:\/\/normandymilitaryantiques.fr\/en\/produit\/insigne-82nd-airborne-white-back-avec-tab-attenant\/\",\"name\":\"(Fran\u00e7ais) Insigne 82nd Airborne \\\" white back\\\" avec tab attenant - Normandy Military Antiques\",\"isPartOf\":{\"@id\":\"https:\/\/normandymilitaryantiques.fr\/en\/#website\"},\"primaryImageOfPage\":{\"@id\":\"https:\/\/normandymilitaryantiques.fr\/en\/produit\/insigne-82nd-airborne-white-back-avec-tab-attenant\/#primaryimage\"},\"image\":{\"@id\":\"https:\/\/normandymilitaryantiques.fr\/produit\/insigne-82nd-airborne-white-back-avec-tab-attenant\/#primaryimage\"},\"thumbnailUrl\":\"https:\/\/normandymilitaryantiques.fr\/wp-content\/uploads\/2025\/01\/IMG_9673-scaled.jpg\",\"datePublished\":\"2025-01-03T16:36:43+00:00\",\"dateModified\":\"2025-08-01T14:24:03+00:00\",\"breadcrumb\":{\"@id\":\"https:\/\/normandymilitaryantiques.fr\/en\/produit\/insigne-82nd-airborne-white-back-avec-tab-attenant\/#breadcrumb\"},\"inLanguage\":\"en-US\",\"potentialAction\":[{\"@type\":\"ReadAction\",\"target\":[[\"https:\/\/normandymilitaryantiques.fr\/en\/produit\/insigne-82nd-airborne-white-back-avec-tab-attenant\/\"]]}]},{\"@type\":\"ImageObject\",\"inLanguage\":\"en-US\",\"@id\":\"https:\/\/normandymilitaryantiques.fr\/en\/produit\/insigne-82nd-airborne-white-back-avec-tab-attenant\/#primaryimage\",\"url\":\"https:\/\/normandymilitaryantiques.fr\/wp-content\/uploads\/2025\/01\/IMG_9673-scaled.jpg\",\"contentUrl\":\"https:\/\/normandymilitaryantiques.fr\/wp-content\/uploads\/2025\/01\/IMG_9673-scaled.jpg\",\"width\":2560,\"height\":1707},{\"@type\":\"BreadcrumbList\",\"@id\":\"https:\/\/normandymilitaryantiques.fr\/en\/produit\/insigne-82nd-airborne-white-back-avec-tab-attenant\/#breadcrumb\",\"itemListElement\":[{\"@type\":\"ListItem\",\"position\":1,\"name\":\"Accueil\",\"item\":\"https:\/\/normandymilitaryantiques.fr\/en\/\"},{\"@type\":\"ListItem\",\"position\":2,\"name\":\"Insigne 82nd Airborne \u00a0\u00bb white back\u00a0\u00bb avec tab attenant\"}]},{\"@type\":\"WebSite\",\"@id\":\"https:\/\/normandymilitaryantiques.fr\/en\/#website\",\"url\":\"https:\/\/normandymilitaryantiques.fr\/en\/\",\"name\":\"Normandy Military Antiques\",\"description\":\"\",\"potentialAction\":[{\"@type\":\"SearchAction\",\"target\":{\"@type\":\"EntryPoint\",\"urlTemplate\":\"https:\/\/normandymilitaryantiques.fr\/en\/?s={search_term_string}\"},\"query-input\":{\"@type\":\"PropertyValueSpecification\",\"valueRequired\":true,\"valueName\":\"search_term_string\"}}],\"inLanguage\":\"en-US\"}]}<\/script>\n<!-- \/ Yoast SEO plugin. -->","yoast_head_json":{"title":"(Fran\u00e7ais) Insigne 82nd Airborne \" white back\" avec tab attenant - Normandy Military Antiques","robots":{"index":"index","follow":"follow","max-snippet":"max-snippet:-1","max-image-preview":"max-image-preview:large","max-video-preview":"max-video-preview:-1"},"canonical":"https:\/\/normandymilitaryantiques.fr\/en\/produit\/insigne-82nd-airborne-white-back-avec-tab-attenant\/","og_locale":"en_US","og_type":"article","og_title":"(Fran\u00e7ais) Insigne 82nd Airborne \" white back\" avec tab attenant - Normandy Military Antiques","og_description":"(Fran\u00e7ais) Insigne de la 82nd Airborne, bonne fabrication White back dans sa version \u00e0 Tab attenant , l'exemplaire propos\u00e9 est un bon mod\u00e8le port\u00e9.  &nbsp;","og_url":"https:\/\/normandymilitaryantiques.fr\/en\/produit\/insigne-82nd-airborne-white-back-avec-tab-attenant\/","og_site_name":"Normandy Military Antiques","article_modified_time":"2025-08-01T14:24:03+00:00","og_image":[{"width":2560,"height":1707,"url":"https:\/\/normandymilitaryantiques.fr\/wp-content\/uploads\/2025\/01\/IMG_9673-scaled.jpg","type":"image\/jpeg"}],"twitter_card":"summary_large_image","twitter_misc":{"Est. reading time":"1 minute"},"schema":{"@context":"https:\/\/schema.org","@graph":[{"@type":"WebPage","@id":"https:\/\/normandymilitaryantiques.fr\/en\/produit\/insigne-82nd-airborne-white-back-avec-tab-attenant\/","url":"https:\/\/normandymilitaryantiques.fr\/en\/produit\/insigne-82nd-airborne-white-back-avec-tab-attenant\/","name":"(Fran\u00e7ais) Insigne 82nd Airborne \" white back\" avec tab attenant - Normandy Military Antiques","isPartOf":{"@id":"https:\/\/normandymilitaryantiques.fr\/en\/#website"},"primaryImageOfPage":{"@id":"https:\/\/normandymilitaryantiques.fr\/en\/produit\/insigne-82nd-airborne-white-back-avec-tab-attenant\/#primaryimage"},"image":{"@id":"https:\/\/normandymilitaryantiques.fr\/produit\/insigne-82nd-airborne-white-back-avec-tab-attenant\/#primaryimage"},"thumbnailUrl":"https:\/\/normandymilitaryantiques.fr\/wp-content\/uploads\/2025\/01\/IMG_9673-scaled.jpg","datePublished":"2025-01-03T16:36:43+00:00","dateModified":"2025-08-01T14:24:03+00:00","breadcrumb":{"@id":"https:\/\/normandymilitaryantiques.fr\/en\/produit\/insigne-82nd-airborne-white-back-avec-tab-attenant\/#breadcrumb"},"inLanguage":"en-US","potentialAction":[{"@type":"ReadAction","target":[["https:\/\/normandymilitaryantiques.fr\/en\/produit\/insigne-82nd-airborne-white-back-avec-tab-attenant\/"]]}]},{"@type":"ImageObject","inLanguage":"en-US","@id":"https:\/\/normandymilitaryantiques.fr\/en\/produit\/insigne-82nd-airborne-white-back-avec-tab-attenant\/#primaryimage","url":"https:\/\/normandymilitaryantiques.fr\/wp-content\/uploads\/2025\/01\/IMG_9673-scaled.jpg","contentUrl":"https:\/\/normandymilitaryantiques.fr\/wp-content\/uploads\/2025\/01\/IMG_9673-scaled.jpg","width":2560,"height":1707},{"@type":"BreadcrumbList","@id":"https:\/\/normandymilitaryantiques.fr\/en\/produit\/insigne-82nd-airborne-white-back-avec-tab-attenant\/#breadcrumb","itemListElement":[{"@type":"ListItem","position":1,"name":"Accueil","item":"https:\/\/normandymilitaryantiques.fr\/en\/"},{"@type":"ListItem","position":2,"name":"Insigne 82nd Airborne \u00a0\u00bb white back\u00a0\u00bb avec tab attenant"}]},{"@type":"WebSite","@id":"https:\/\/normandymilitaryantiques.fr\/en\/#website","url":"https:\/\/normandymilitaryantiques.fr\/en\/","name":"Normandy Military Antiques","description":"","potentialAction":[{"@type":"SearchAction","target":{"@type":"EntryPoint","urlTemplate":"https:\/\/normandymilitaryantiques.fr\/en\/?s={search_term_string}"},"query-input":{"@type":"PropertyValueSpecification","valueRequired":true,"valueName":"search_term_string"}}],"inLanguage":"en-US"}]}},"_links":{"self":[{"href":"https:\/\/normandymilitaryantiques.fr\/en\/wp-json\/wp\/v2\/product\/8596","targetHints":{"allow":["GET"]}}],"collection":[{"href":"https:\/\/normandymilitaryantiques.fr\/en\/wp-json\/wp\/v2\/product"}],"about":[{"href":"https:\/\/normandymilitaryantiques.fr\/en\/wp-json\/wp\/v2\/types\/product"}],"wp:featuredmedia":[{"embeddable":true,"href":"https:\/\/normandymilitaryantiques.fr\/en\/wp-json\/wp\/v2\/media\/8589"}],"wp:attachment":[{"href":"https:\/\/normandymilitaryantiques.fr\/en\/wp-json\/wp\/v2\/media?parent=8596"}],"wp:term":[{"taxonomy":"product_brand","embeddable":true,"href":"https:\/\/normandymilitaryantiques.fr\/en\/wp-json\/wp\/v2\/product_brand?post=8596"},{"taxonomy":"product_cat","embeddable":true,"href":"https:\/\/normandymilitaryantiques.fr\/en\/wp-json\/wp\/v2\/product_cat?post=8596"},{"taxonomy":"product_tag","embeddable":true,"href":"https:\/\/normandymilitaryantiques.fr\/en\/wp-json\/wp\/v2\/product_tag?post=8596"}],"curies":[{"name":"wp","href":"https:\/\/api.w.org\/{rel}","templated":true}]}}