{"id":9304,"date":"2025-02-21T15:21:58","date_gmt":"2025-02-21T14:21:58","guid":{"rendered":"https:\/\/normandymilitaryantiques.fr\/?post_type=product&#038;p=9304"},"modified":"2026-03-06T01:58:09","modified_gmt":"2026-03-06T00:58:09","slug":"trousse-a-couture-us-2","status":"publish","type":"product","link":"https:\/\/normandymilitaryantiques.fr\/en\/produit\/trousse-a-couture-us-2\/","title":{"rendered":"Trousse \u00e0 couture US"},"content":{"rendered":"","protected":false},"excerpt":{"rendered":"<p class=\"qtranxs-available-languages-message qtranxs-available-languages-message-en\">Sorry, this entry is only available in <a href=\"https:\/\/normandymilitaryantiques.fr\/fr\/wp-json\/wp\/v2\/product\/9304\" class=\"qtranxs-available-language-link qtranxs-available-language-link-fr\" title=\"Fran\u00e7ais\">Fran\u00e7ais<\/a>.<\/p>\n","protected":false},"featured_media":9311,"template":"","meta":{"_acf_changed":false,"_monsterinsights_skip_tracking":false,"_monsterinsights_sitenote_active":false,"_monsterinsights_sitenote_note":"","_monsterinsights_sitenote_category":0},"product_brand":[],"product_cat":[27,25],"product_tag":[],"class_list":{"0":"post-9304","1":"product","2":"type-product","3":"status-publish","4":"has-post-thumbnail","6":"product_cat-americains","7":"product_cat-effets-personnels","9":"first","10":"outofstock","11":"shipping-taxable","12":"purchasable","13":"product-type-simple"},"acf":[],"yoast_head":"<!-- This site is optimized with the Yoast SEO plugin v27.2 - https:\/\/yoast.com\/product\/yoast-seo-wordpress\/ -->\n<title>Trousse \u00e0 couture US  - Normandy Military Antiques<\/title>\n<meta name=\"robots\" content=\"index, follow, max-snippet:-1, max-image-preview:large, max-video-preview:-1\" \/>\n<link rel=\"canonical\" href=\"https:\/\/normandymilitaryantiques.fr\/en\/produit\/trousse-a-couture-us-2\/\" \/>\n<meta property=\"og:locale\" content=\"en_US\" \/>\n<meta property=\"og:type\" content=\"article\" \/>\n<meta property=\"og:title\" content=\"Trousse \u00e0 couture US  - Normandy Military Antiques\" \/>\n<meta property=\"og:description\" content=\"(Fran\u00e7ais) Trousse \u00e0 couture individuelle US , celle ci est en tr\u00e8s bon \u00e9tat g\u00e9n\u00e9ral. A l&#039;int\u00e9rieur se trouve une paire de ciseaux, 2 bobine de fil OD entam\u00e9e, une pochette de boutons , deux aiguilles , des \u00e9pingles \u00e0 nourrice, 2 bobines de fil \u00e9pais ainsi qu&#039;un d\u00e9 en plastique mauve. Etiquette de fabricant bien pr\u00e9sente. Une pi\u00e8ce sympa pour remplir vos poches en reconstitution ou compl\u00e9ter une vitrine sur l&#039;\u00e9quipement du GI\" \/>\n<meta property=\"og:url\" content=\"https:\/\/normandymilitaryantiques.fr\/en\/produit\/trousse-a-couture-us-2\/\" \/>\n<meta property=\"og:site_name\" content=\"Normandy Military Antiques\" \/>\n<meta property=\"article:modified_time\" content=\"2026-03-06T00:58:09+00:00\" \/>\n<meta property=\"og:image\" content=\"https:\/\/normandymilitaryantiques.fr\/wp-content\/uploads\/2025\/02\/IMG_0327-scaled.jpg\" \/>\n\t<meta property=\"og:image:width\" content=\"2560\" \/>\n\t<meta property=\"og:image:height\" content=\"1707\" \/>\n\t<meta property=\"og:image:type\" content=\"image\/jpeg\" \/>\n<meta name=\"twitter:card\" content=\"summary_large_image\" \/>\n<meta name=\"twitter:label1\" content=\"Est. reading time\" \/>\n\t<meta name=\"twitter:data1\" content=\"1 minute\" \/>\n<script type=\"application\/ld+json\" class=\"yoast-schema-graph\">{\"@context\":\"https:\/\/schema.org\",\"@graph\":[{\"@type\":\"WebPage\",\"@id\":\"https:\/\/normandymilitaryantiques.fr\/en\/produit\/trousse-a-couture-us-2\/\",\"url\":\"https:\/\/normandymilitaryantiques.fr\/en\/produit\/trousse-a-couture-us-2\/\",\"name\":\"Trousse \u00e0 couture US  - Normandy Military Antiques\",\"isPartOf\":{\"@id\":\"https:\/\/normandymilitaryantiques.fr\/en\/#website\"},\"primaryImageOfPage\":{\"@id\":\"https:\/\/normandymilitaryantiques.fr\/en\/produit\/trousse-a-couture-us-2\/#primaryimage\"},\"image\":{\"@id\":\"https:\/\/normandymilitaryantiques.fr\/produit\/trousse-a-couture-us-2\/#primaryimage\"},\"thumbnailUrl\":\"https:\/\/normandymilitaryantiques.fr\/wp-content\/uploads\/2025\/02\/IMG_0327-scaled.jpg\",\"datePublished\":\"2025-02-21T14:21:58+00:00\",\"dateModified\":\"2026-03-06T00:58:09+00:00\",\"breadcrumb\":{\"@id\":\"https:\/\/normandymilitaryantiques.fr\/en\/produit\/trousse-a-couture-us-2\/#breadcrumb\"},\"inLanguage\":\"en-US\",\"potentialAction\":[{\"@type\":\"ReadAction\",\"target\":[[\"https:\/\/normandymilitaryantiques.fr\/en\/produit\/trousse-a-couture-us-2\/\"]]}]},{\"@type\":\"ImageObject\",\"inLanguage\":\"en-US\",\"@id\":\"https:\/\/normandymilitaryantiques.fr\/en\/produit\/trousse-a-couture-us-2\/#primaryimage\",\"url\":\"https:\/\/normandymilitaryantiques.fr\/wp-content\/uploads\/2025\/02\/IMG_0327-scaled.jpg\",\"contentUrl\":\"https:\/\/normandymilitaryantiques.fr\/wp-content\/uploads\/2025\/02\/IMG_0327-scaled.jpg\",\"width\":2560,\"height\":1707},{\"@type\":\"BreadcrumbList\",\"@id\":\"https:\/\/normandymilitaryantiques.fr\/en\/produit\/trousse-a-couture-us-2\/#breadcrumb\",\"itemListElement\":[{\"@type\":\"ListItem\",\"position\":1,\"name\":\"Accueil\",\"item\":\"https:\/\/normandymilitaryantiques.fr\/en\/\"},{\"@type\":\"ListItem\",\"position\":2,\"name\":\"Trousse \u00e0 couture US\"}]},{\"@type\":\"WebSite\",\"@id\":\"https:\/\/normandymilitaryantiques.fr\/en\/#website\",\"url\":\"https:\/\/normandymilitaryantiques.fr\/en\/\",\"name\":\"Normandy Military Antiques\",\"description\":\"\",\"potentialAction\":[{\"@type\":\"SearchAction\",\"target\":{\"@type\":\"EntryPoint\",\"urlTemplate\":\"https:\/\/normandymilitaryantiques.fr\/en\/?s={search_term_string}\"},\"query-input\":{\"@type\":\"PropertyValueSpecification\",\"valueRequired\":true,\"valueName\":\"search_term_string\"}}],\"inLanguage\":\"en-US\"}]}<\/script>\n<!-- \/ Yoast SEO plugin. -->","yoast_head_json":{"title":"Trousse \u00e0 couture US  - Normandy Military Antiques","robots":{"index":"index","follow":"follow","max-snippet":"max-snippet:-1","max-image-preview":"max-image-preview:large","max-video-preview":"max-video-preview:-1"},"canonical":"https:\/\/normandymilitaryantiques.fr\/en\/produit\/trousse-a-couture-us-2\/","og_locale":"en_US","og_type":"article","og_title":"Trousse \u00e0 couture US  - Normandy Military Antiques","og_description":"(Fran\u00e7ais) Trousse \u00e0 couture individuelle US , celle ci est en tr\u00e8s bon \u00e9tat g\u00e9n\u00e9ral. A l'int\u00e9rieur se trouve une paire de ciseaux, 2 bobine de fil OD entam\u00e9e, une pochette de boutons , deux aiguilles , des \u00e9pingles \u00e0 nourrice, 2 bobines de fil \u00e9pais ainsi qu'un d\u00e9 en plastique mauve. Etiquette de fabricant bien pr\u00e9sente. Une pi\u00e8ce sympa pour remplir vos poches en reconstitution ou compl\u00e9ter une vitrine sur l'\u00e9quipement du GI","og_url":"https:\/\/normandymilitaryantiques.fr\/en\/produit\/trousse-a-couture-us-2\/","og_site_name":"Normandy Military Antiques","article_modified_time":"2026-03-06T00:58:09+00:00","og_image":[{"width":2560,"height":1707,"url":"https:\/\/normandymilitaryantiques.fr\/wp-content\/uploads\/2025\/02\/IMG_0327-scaled.jpg","type":"image\/jpeg"}],"twitter_card":"summary_large_image","twitter_misc":{"Est. reading time":"1 minute"},"schema":{"@context":"https:\/\/schema.org","@graph":[{"@type":"WebPage","@id":"https:\/\/normandymilitaryantiques.fr\/en\/produit\/trousse-a-couture-us-2\/","url":"https:\/\/normandymilitaryantiques.fr\/en\/produit\/trousse-a-couture-us-2\/","name":"Trousse \u00e0 couture US  - Normandy Military Antiques","isPartOf":{"@id":"https:\/\/normandymilitaryantiques.fr\/en\/#website"},"primaryImageOfPage":{"@id":"https:\/\/normandymilitaryantiques.fr\/en\/produit\/trousse-a-couture-us-2\/#primaryimage"},"image":{"@id":"https:\/\/normandymilitaryantiques.fr\/produit\/trousse-a-couture-us-2\/#primaryimage"},"thumbnailUrl":"https:\/\/normandymilitaryantiques.fr\/wp-content\/uploads\/2025\/02\/IMG_0327-scaled.jpg","datePublished":"2025-02-21T14:21:58+00:00","dateModified":"2026-03-06T00:58:09+00:00","breadcrumb":{"@id":"https:\/\/normandymilitaryantiques.fr\/en\/produit\/trousse-a-couture-us-2\/#breadcrumb"},"inLanguage":"en-US","potentialAction":[{"@type":"ReadAction","target":[["https:\/\/normandymilitaryantiques.fr\/en\/produit\/trousse-a-couture-us-2\/"]]}]},{"@type":"ImageObject","inLanguage":"en-US","@id":"https:\/\/normandymilitaryantiques.fr\/en\/produit\/trousse-a-couture-us-2\/#primaryimage","url":"https:\/\/normandymilitaryantiques.fr\/wp-content\/uploads\/2025\/02\/IMG_0327-scaled.jpg","contentUrl":"https:\/\/normandymilitaryantiques.fr\/wp-content\/uploads\/2025\/02\/IMG_0327-scaled.jpg","width":2560,"height":1707},{"@type":"BreadcrumbList","@id":"https:\/\/normandymilitaryantiques.fr\/en\/produit\/trousse-a-couture-us-2\/#breadcrumb","itemListElement":[{"@type":"ListItem","position":1,"name":"Accueil","item":"https:\/\/normandymilitaryantiques.fr\/en\/"},{"@type":"ListItem","position":2,"name":"Trousse \u00e0 couture US"}]},{"@type":"WebSite","@id":"https:\/\/normandymilitaryantiques.fr\/en\/#website","url":"https:\/\/normandymilitaryantiques.fr\/en\/","name":"Normandy Military Antiques","description":"","potentialAction":[{"@type":"SearchAction","target":{"@type":"EntryPoint","urlTemplate":"https:\/\/normandymilitaryantiques.fr\/en\/?s={search_term_string}"},"query-input":{"@type":"PropertyValueSpecification","valueRequired":true,"valueName":"search_term_string"}}],"inLanguage":"en-US"}]}},"_links":{"self":[{"href":"https:\/\/normandymilitaryantiques.fr\/en\/wp-json\/wp\/v2\/product\/9304","targetHints":{"allow":["GET"]}}],"collection":[{"href":"https:\/\/normandymilitaryantiques.fr\/en\/wp-json\/wp\/v2\/product"}],"about":[{"href":"https:\/\/normandymilitaryantiques.fr\/en\/wp-json\/wp\/v2\/types\/product"}],"wp:featuredmedia":[{"embeddable":true,"href":"https:\/\/normandymilitaryantiques.fr\/en\/wp-json\/wp\/v2\/media\/9311"}],"wp:attachment":[{"href":"https:\/\/normandymilitaryantiques.fr\/en\/wp-json\/wp\/v2\/media?parent=9304"}],"wp:term":[{"taxonomy":"product_brand","embeddable":true,"href":"https:\/\/normandymilitaryantiques.fr\/en\/wp-json\/wp\/v2\/product_brand?post=9304"},{"taxonomy":"product_cat","embeddable":true,"href":"https:\/\/normandymilitaryantiques.fr\/en\/wp-json\/wp\/v2\/product_cat?post=9304"},{"taxonomy":"product_tag","embeddable":true,"href":"https:\/\/normandymilitaryantiques.fr\/en\/wp-json\/wp\/v2\/product_tag?post=9304"}],"curies":[{"name":"wp","href":"https:\/\/api.w.org\/{rel}","templated":true}]}}