{"id":9680,"date":"2025-03-15T15:09:56","date_gmt":"2025-03-15T14:09:56","guid":{"rendered":"https:\/\/normandymilitaryantiques.fr\/?post_type=product&#038;p=9680"},"modified":"2025-03-15T15:09:56","modified_gmt":"2025-03-15T14:09:56","slug":"housse-etanche-m-7-pour-masque-m-5-d-day","status":"publish","type":"product","link":"https:\/\/normandymilitaryantiques.fr\/en\/produit\/housse-etanche-m-7-pour-masque-m-5-d-day\/","title":{"rendered":"Housse \u00e9tanche M-7 pour masque M-5 D-Day"},"content":{"rendered":"","protected":false},"excerpt":{"rendered":"<p class=\"qtranxs-available-languages-message qtranxs-available-languages-message-en\">Sorry, this entry is only available in <a href=\"https:\/\/normandymilitaryantiques.fr\/fr\/wp-json\/wp\/v2\/product\/9680\" class=\"qtranxs-available-language-link qtranxs-available-language-link-fr\" title=\"Fran\u00e7ais\">Fran\u00e7ais<\/a>.<\/p>\n","protected":false},"featured_media":9681,"template":"","meta":{"_acf_changed":false,"_monsterinsights_skip_tracking":false,"_monsterinsights_sitenote_active":false,"_monsterinsights_sitenote_note":"","_monsterinsights_sitenote_category":0},"product_brand":[],"product_cat":[27,24],"product_tag":[],"class_list":{"0":"post-9680","1":"product","2":"type-product","3":"status-publish","4":"has-post-thumbnail","6":"product_cat-americains","7":"product_cat-equipements","9":"first","10":"instock","11":"shipping-taxable","12":"purchasable","13":"product-type-simple"},"acf":[],"yoast_head":"<!-- This site is optimized with the Yoast SEO plugin v27.2 - https:\/\/yoast.com\/product\/yoast-seo-wordpress\/ -->\n<title>Housse \u00e9tanche M-7 pour masque M-5 D-Day - Normandy Military Antiques<\/title>\n<meta name=\"robots\" content=\"index, follow, max-snippet:-1, max-image-preview:large, max-video-preview:-1\" \/>\n<link rel=\"canonical\" href=\"https:\/\/normandymilitaryantiques.fr\/en\/produit\/housse-etanche-m-7-pour-masque-m-5-d-day\/\" \/>\n<meta property=\"og:locale\" content=\"en_US\" \/>\n<meta property=\"og:type\" content=\"article\" \/>\n<meta property=\"og:title\" content=\"Housse \u00e9tanche M-7 pour masque M-5 D-Day - Normandy Military Antiques\" \/>\n<meta property=\"og:description\" content=\"(Fran\u00e7ais) Tr\u00e8s belle housse \u00e9tanche M-7 pour le masque anti-gaz M-5 largement distribu\u00e9 pour le D-Day. Cette housse sp\u00e9cifique pour les assauts amphibie est en toile caoutchout\u00e9e. Les photos montrent qu&#039;elle pouvait \u00eatre port\u00e9e de diff\u00e9rentes mani\u00e8res , sur la poitrine , sur la hanche ou sur le dos gr\u00e2ce \u00e0 ses deux longue sangles r\u00e9glables et ses deux contre sanglons avec anneaux dont le droit \u00e0 2 anneaux, les 1er fabrications ferment par 4 pressions . L&#039;exemplaire propos\u00e9 porte bien son marquage US en frontal marquage 2 \u00e0 l&#039;int\u00e9rieur ainsi qu&#039;un num\u00e9ro en peinture anti-gaz, les sangles et crochets sont en bon \u00e9tat g\u00e9n\u00e9ral malgr\u00e9 un jus ind\u00e9niable au niveau de la toile des sangles quelques trous visibles mais ne d\u00e9range en rien pour le port sur votre mannequin D-Day.  Une belle pi\u00e8ce embl\u00e9matique\" \/>\n<meta property=\"og:url\" content=\"https:\/\/normandymilitaryantiques.fr\/en\/produit\/housse-etanche-m-7-pour-masque-m-5-d-day\/\" \/>\n<meta property=\"og:site_name\" content=\"Normandy Military Antiques\" \/>\n<meta property=\"og:image\" content=\"https:\/\/normandymilitaryantiques.fr\/wp-content\/uploads\/2025\/03\/IMG_0691-scaled.jpg\" \/>\n\t<meta property=\"og:image:width\" content=\"2560\" \/>\n\t<meta property=\"og:image:height\" content=\"1707\" \/>\n\t<meta property=\"og:image:type\" content=\"image\/jpeg\" \/>\n<meta name=\"twitter:card\" content=\"summary_large_image\" \/>\n<meta name=\"twitter:label1\" content=\"Est. reading time\" \/>\n\t<meta name=\"twitter:data1\" content=\"1 minute\" \/>\n<script type=\"application\/ld+json\" class=\"yoast-schema-graph\">{\"@context\":\"https:\/\/schema.org\",\"@graph\":[{\"@type\":\"WebPage\",\"@id\":\"https:\/\/normandymilitaryantiques.fr\/en\/produit\/housse-etanche-m-7-pour-masque-m-5-d-day\/\",\"url\":\"https:\/\/normandymilitaryantiques.fr\/en\/produit\/housse-etanche-m-7-pour-masque-m-5-d-day\/\",\"name\":\"Housse \u00e9tanche M-7 pour masque M-5 D-Day - Normandy Military Antiques\",\"isPartOf\":{\"@id\":\"https:\/\/normandymilitaryantiques.fr\/en\/#website\"},\"primaryImageOfPage\":{\"@id\":\"https:\/\/normandymilitaryantiques.fr\/en\/produit\/housse-etanche-m-7-pour-masque-m-5-d-day\/#primaryimage\"},\"image\":{\"@id\":\"https:\/\/normandymilitaryantiques.fr\/produit\/housse-etanche-m-7-pour-masque-m-5-d-day\/#primaryimage\"},\"thumbnailUrl\":\"https:\/\/normandymilitaryantiques.fr\/wp-content\/uploads\/2025\/03\/IMG_0691-scaled.jpg\",\"datePublished\":\"2025-03-15T14:09:56+00:00\",\"breadcrumb\":{\"@id\":\"https:\/\/normandymilitaryantiques.fr\/en\/produit\/housse-etanche-m-7-pour-masque-m-5-d-day\/#breadcrumb\"},\"inLanguage\":\"en-US\",\"potentialAction\":[{\"@type\":\"ReadAction\",\"target\":[[\"https:\/\/normandymilitaryantiques.fr\/en\/produit\/housse-etanche-m-7-pour-masque-m-5-d-day\/\"]]}]},{\"@type\":\"ImageObject\",\"inLanguage\":\"en-US\",\"@id\":\"https:\/\/normandymilitaryantiques.fr\/en\/produit\/housse-etanche-m-7-pour-masque-m-5-d-day\/#primaryimage\",\"url\":\"https:\/\/normandymilitaryantiques.fr\/wp-content\/uploads\/2025\/03\/IMG_0691-scaled.jpg\",\"contentUrl\":\"https:\/\/normandymilitaryantiques.fr\/wp-content\/uploads\/2025\/03\/IMG_0691-scaled.jpg\",\"width\":2560,\"height\":1707},{\"@type\":\"BreadcrumbList\",\"@id\":\"https:\/\/normandymilitaryantiques.fr\/en\/produit\/housse-etanche-m-7-pour-masque-m-5-d-day\/#breadcrumb\",\"itemListElement\":[{\"@type\":\"ListItem\",\"position\":1,\"name\":\"Accueil\",\"item\":\"https:\/\/normandymilitaryantiques.fr\/en\/\"},{\"@type\":\"ListItem\",\"position\":2,\"name\":\"Housse \u00e9tanche M-7 pour masque M-5 D-Day\"}]},{\"@type\":\"WebSite\",\"@id\":\"https:\/\/normandymilitaryantiques.fr\/en\/#website\",\"url\":\"https:\/\/normandymilitaryantiques.fr\/en\/\",\"name\":\"Normandy Military Antiques\",\"description\":\"\",\"potentialAction\":[{\"@type\":\"SearchAction\",\"target\":{\"@type\":\"EntryPoint\",\"urlTemplate\":\"https:\/\/normandymilitaryantiques.fr\/en\/?s={search_term_string}\"},\"query-input\":{\"@type\":\"PropertyValueSpecification\",\"valueRequired\":true,\"valueName\":\"search_term_string\"}}],\"inLanguage\":\"en-US\"}]}<\/script>\n<!-- \/ Yoast SEO plugin. -->","yoast_head_json":{"title":"Housse \u00e9tanche M-7 pour masque M-5 D-Day - Normandy Military Antiques","robots":{"index":"index","follow":"follow","max-snippet":"max-snippet:-1","max-image-preview":"max-image-preview:large","max-video-preview":"max-video-preview:-1"},"canonical":"https:\/\/normandymilitaryantiques.fr\/en\/produit\/housse-etanche-m-7-pour-masque-m-5-d-day\/","og_locale":"en_US","og_type":"article","og_title":"Housse \u00e9tanche M-7 pour masque M-5 D-Day - Normandy Military Antiques","og_description":"(Fran\u00e7ais) Tr\u00e8s belle housse \u00e9tanche M-7 pour le masque anti-gaz M-5 largement distribu\u00e9 pour le D-Day. Cette housse sp\u00e9cifique pour les assauts amphibie est en toile caoutchout\u00e9e. Les photos montrent qu'elle pouvait \u00eatre port\u00e9e de diff\u00e9rentes mani\u00e8res , sur la poitrine , sur la hanche ou sur le dos gr\u00e2ce \u00e0 ses deux longue sangles r\u00e9glables et ses deux contre sanglons avec anneaux dont le droit \u00e0 2 anneaux, les 1er fabrications ferment par 4 pressions . L'exemplaire propos\u00e9 porte bien son marquage US en frontal marquage 2 \u00e0 l'int\u00e9rieur ainsi qu'un num\u00e9ro en peinture anti-gaz, les sangles et crochets sont en bon \u00e9tat g\u00e9n\u00e9ral malgr\u00e9 un jus ind\u00e9niable au niveau de la toile des sangles quelques trous visibles mais ne d\u00e9range en rien pour le port sur votre mannequin D-Day.  Une belle pi\u00e8ce embl\u00e9matique","og_url":"https:\/\/normandymilitaryantiques.fr\/en\/produit\/housse-etanche-m-7-pour-masque-m-5-d-day\/","og_site_name":"Normandy Military Antiques","og_image":[{"width":2560,"height":1707,"url":"https:\/\/normandymilitaryantiques.fr\/wp-content\/uploads\/2025\/03\/IMG_0691-scaled.jpg","type":"image\/jpeg"}],"twitter_card":"summary_large_image","twitter_misc":{"Est. reading time":"1 minute"},"schema":{"@context":"https:\/\/schema.org","@graph":[{"@type":"WebPage","@id":"https:\/\/normandymilitaryantiques.fr\/en\/produit\/housse-etanche-m-7-pour-masque-m-5-d-day\/","url":"https:\/\/normandymilitaryantiques.fr\/en\/produit\/housse-etanche-m-7-pour-masque-m-5-d-day\/","name":"Housse \u00e9tanche M-7 pour masque M-5 D-Day - Normandy Military Antiques","isPartOf":{"@id":"https:\/\/normandymilitaryantiques.fr\/en\/#website"},"primaryImageOfPage":{"@id":"https:\/\/normandymilitaryantiques.fr\/en\/produit\/housse-etanche-m-7-pour-masque-m-5-d-day\/#primaryimage"},"image":{"@id":"https:\/\/normandymilitaryantiques.fr\/produit\/housse-etanche-m-7-pour-masque-m-5-d-day\/#primaryimage"},"thumbnailUrl":"https:\/\/normandymilitaryantiques.fr\/wp-content\/uploads\/2025\/03\/IMG_0691-scaled.jpg","datePublished":"2025-03-15T14:09:56+00:00","breadcrumb":{"@id":"https:\/\/normandymilitaryantiques.fr\/en\/produit\/housse-etanche-m-7-pour-masque-m-5-d-day\/#breadcrumb"},"inLanguage":"en-US","potentialAction":[{"@type":"ReadAction","target":[["https:\/\/normandymilitaryantiques.fr\/en\/produit\/housse-etanche-m-7-pour-masque-m-5-d-day\/"]]}]},{"@type":"ImageObject","inLanguage":"en-US","@id":"https:\/\/normandymilitaryantiques.fr\/en\/produit\/housse-etanche-m-7-pour-masque-m-5-d-day\/#primaryimage","url":"https:\/\/normandymilitaryantiques.fr\/wp-content\/uploads\/2025\/03\/IMG_0691-scaled.jpg","contentUrl":"https:\/\/normandymilitaryantiques.fr\/wp-content\/uploads\/2025\/03\/IMG_0691-scaled.jpg","width":2560,"height":1707},{"@type":"BreadcrumbList","@id":"https:\/\/normandymilitaryantiques.fr\/en\/produit\/housse-etanche-m-7-pour-masque-m-5-d-day\/#breadcrumb","itemListElement":[{"@type":"ListItem","position":1,"name":"Accueil","item":"https:\/\/normandymilitaryantiques.fr\/en\/"},{"@type":"ListItem","position":2,"name":"Housse \u00e9tanche M-7 pour masque M-5 D-Day"}]},{"@type":"WebSite","@id":"https:\/\/normandymilitaryantiques.fr\/en\/#website","url":"https:\/\/normandymilitaryantiques.fr\/en\/","name":"Normandy Military Antiques","description":"","potentialAction":[{"@type":"SearchAction","target":{"@type":"EntryPoint","urlTemplate":"https:\/\/normandymilitaryantiques.fr\/en\/?s={search_term_string}"},"query-input":{"@type":"PropertyValueSpecification","valueRequired":true,"valueName":"search_term_string"}}],"inLanguage":"en-US"}]}},"_links":{"self":[{"href":"https:\/\/normandymilitaryantiques.fr\/en\/wp-json\/wp\/v2\/product\/9680","targetHints":{"allow":["GET"]}}],"collection":[{"href":"https:\/\/normandymilitaryantiques.fr\/en\/wp-json\/wp\/v2\/product"}],"about":[{"href":"https:\/\/normandymilitaryantiques.fr\/en\/wp-json\/wp\/v2\/types\/product"}],"wp:featuredmedia":[{"embeddable":true,"href":"https:\/\/normandymilitaryantiques.fr\/en\/wp-json\/wp\/v2\/media\/9681"}],"wp:attachment":[{"href":"https:\/\/normandymilitaryantiques.fr\/en\/wp-json\/wp\/v2\/media?parent=9680"}],"wp:term":[{"taxonomy":"product_brand","embeddable":true,"href":"https:\/\/normandymilitaryantiques.fr\/en\/wp-json\/wp\/v2\/product_brand?post=9680"},{"taxonomy":"product_cat","embeddable":true,"href":"https:\/\/normandymilitaryantiques.fr\/en\/wp-json\/wp\/v2\/product_cat?post=9680"},{"taxonomy":"product_tag","embeddable":true,"href":"https:\/\/normandymilitaryantiques.fr\/en\/wp-json\/wp\/v2\/product_tag?post=9680"}],"curies":[{"name":"wp","href":"https:\/\/api.w.org\/{rel}","templated":true}]}}